{"id":5902,"date":"2023-03-08T16:37:06","date_gmt":"2023-03-08T15:37:06","guid":{"rendered":"https:\/\/www.salonsmariage.com\/index\/?page_id=5902"},"modified":"2025-03-31T16:46:10","modified_gmt":"2025-03-31T15:46:10","slug":"nous-rejoindre","status":"publish","type":"page","link":"https:\/\/www.salonsmariage.com\/index\/nous-rejoindre\/","title":{"rendered":"Bosser avec nous"},"content":{"rendered":"\t\t<div data-elementor-type=\"wp-page\" data-elementor-id=\"5902\" class=\"elementor elementor-5902\" data-elementor-post-type=\"page\">\n\t\t\t\t\t\t<section class=\"elementor-section elementor-top-section elementor-element elementor-element-606dd48 elementor-section-boxed elementor-section-height-default elementor-section-height-default\" data-id=\"606dd48\" data-element_type=\"section\" data-e-type=\"section\">\n\t\t\t\t\t\t<div class=\"elementor-container elementor-column-gap-default\">\n\t\t\t\t\t<div class=\"elementor-column elementor-col-100 elementor-top-column elementor-element elementor-element-cafd50e\" data-id=\"cafd50e\" data-element_type=\"column\" data-e-type=\"column\">\n\t\t\t<div class=\"elementor-widget-wrap elementor-element-populated\">\n\t\t\t\t\t\t<div class=\"elementor-element elementor-element-aa9f390 elementor-widget elementor-widget-heading\" data-id=\"aa9f390\" data-element_type=\"widget\" data-e-type=\"widget\" data-widget_type=\"heading.default\">\n\t\t\t\t<div class=\"elementor-widget-container\">\n\t\t\t\t\t<h1 class=\"elementor-heading-title elementor-size-default\">!! Offres d'emploi  !!<\/h1>\t\t\t\t<\/div>\n\t\t\t\t<\/div>\n\t\t\t\t\t<\/div>\n\t\t<\/div>\n\t\t\t\t\t<\/div>\n\t\t<\/section>\n\t\t\t\t<section class=\"elementor-section elementor-top-section elementor-element elementor-element-9a23cb8 elementor-section-boxed elementor-section-height-default elementor-section-height-default\" data-id=\"9a23cb8\" data-element_type=\"section\" data-e-type=\"section\">\n\t\t\t\t\t\t<div class=\"elementor-container elementor-column-gap-default\">\n\t\t\t\t\t<div class=\"elementor-column elementor-col-100 elementor-top-column elementor-element elementor-element-ab5d8a1\" data-id=\"ab5d8a1\" data-element_type=\"column\" data-e-type=\"column\">\n\t\t\t<div class=\"elementor-widget-wrap elementor-element-populated\">\n\t\t\t\t\t\t<div class=\"elementor-element elementor-element-d208870 elementor-widget-divider--view-line_icon elementor-view-default elementor-widget-divider--element-align-center elementor-widget elementor-widget-divider\" data-id=\"d208870\" data-element_type=\"widget\" data-e-type=\"widget\" data-widget_type=\"divider.default\">\n\t\t\t\t<div class=\"elementor-widget-container\">\n\t\t\t\t\t\t\t<div class=\"elementor-divider\">\n\t\t\t<span class=\"elementor-divider-separator\">\n\t\t\t\t\t\t\t<div class=\"elementor-icon elementor-divider__element\">\n\t\t\t\t\t<i aria-hidden=\"true\" class=\"fas fa-grin-wink\"><\/i><\/div>\n\t\t\t\t\t\t<\/span>\n\t\t<\/div>\n\t\t\t\t\t\t<\/div>\n\t\t\t\t<\/div>\n\t\t\t\t\t<\/div>\n\t\t<\/div>\n\t\t\t\t\t<\/div>\n\t\t<\/section>\n\t\t\t\t<section class=\"elementor-section elementor-top-section elementor-element elementor-element-b636be8 elementor-section-boxed elementor-section-height-default elementor-section-height-default\" data-id=\"b636be8\" data-element_type=\"section\" data-e-type=\"section\">\n\t\t\t\t\t\t<div class=\"elementor-container elementor-column-gap-default\">\n\t\t\t\t\t<div class=\"elementor-column elementor-col-100 elementor-top-column elementor-element elementor-element-b55d6ea\" data-id=\"b55d6ea\" data-element_type=\"column\" data-e-type=\"column\">\n\t\t\t<div class=\"elementor-widget-wrap elementor-element-populated\">\n\t\t\t\t\t\t<div class=\"elementor-element elementor-element-605b36c elementor-widget elementor-widget-heading\" data-id=\"605b36c\" data-element_type=\"widget\" data-e-type=\"widget\" data-widget_type=\"heading.default\">\n\t\t\t\t<div class=\"elementor-widget-container\">\n\t\t\t\t\t<h2 class=\"elementor-heading-title elementor-size-default\">#1 - Commercial \u00e9v\u00e9nementiel CDI 35h00<\/h2>\t\t\t\t<\/div>\n\t\t\t\t<\/div>\n\t\t\t\t\t<\/div>\n\t\t<\/div>\n\t\t\t\t\t<\/div>\n\t\t<\/section>\n\t\t\t\t<section class=\"elementor-section elementor-top-section elementor-element elementor-element-3f1801c elementor-section-boxed elementor-section-height-default elementor-section-height-default\" data-id=\"3f1801c\" data-element_type=\"section\" data-e-type=\"section\">\n\t\t\t\t\t\t<div class=\"elementor-container elementor-column-gap-default\">\n\t\t\t\t\t<div class=\"elementor-column elementor-col-50 elementor-top-column elementor-element elementor-element-b9ab1bc\" data-id=\"b9ab1bc\" data-element_type=\"column\" data-e-type=\"column\">\n\t\t\t<div class=\"elementor-widget-wrap elementor-element-populated\">\n\t\t\t\t\t\t<div class=\"elementor-element elementor-element-dd952fa elementor-widget elementor-widget-text-editor\" data-id=\"dd952fa\" data-element_type=\"widget\" data-e-type=\"widget\" data-widget_type=\"text-editor.default\">\n\t\t\t\t<div class=\"elementor-widget-container\">\n\t\t\t\t\t\t\t\t\t<p><span style=\"color: var( --e-global-color-text ); font-family: var( --e-global-typography-text-font-family ), Sans-serif; font-weight: var( --e-global-typography-text-font-weight );\">Nous organisons sur la saison 2023 \/ 2024 deux nouveaux salons du mariage CANNES \/ MANDELIEU et HYERES qui promettent d&rsquo;\u00eatre EXTRAS ! Nous recherchons donc un ou une nouvelle \u00ab\u00a0ID\u00a0\u00bb pour accompagner ce d\u00e9veloppement !<\/span><br><\/p>\n<p>Chez ID nous sommes persuad\u00e9s qu&rsquo;il est possible de travailler efficacement en passant de tr\u00e8s bons moments ! Nous sommes tr\u00e8s vite devenus leaders dans l&rsquo;organisation de salons du mariage <img decoding=\"async\" draggable=\"false\" role=\"img\" class=\"emoji\" alt=\"\ud83d\udcaa\" src=\"https:\/\/s.w.org\/images\/core\/emoji\/14.0.0\/svg\/1f4aa.svg\"> et \u00e7a fait 15 ans que \u00e7a dure!<\/p>\n<p>Rejoindre la Team ID ce n&rsquo;est pas que devenir organisateur\/organisatrice des plus beaux salons du mariage de France (OUI rien que \u00e7a !), c&rsquo;est aussi int\u00e9grer la team des professionnels du mariage sans qui nos salons ne seraient pas ce qu&rsquo;ils sont, \u00e0 savoir des \u00e9v\u00e9nements conviviaux, chaleureux o\u00f9 les futurs mari\u00e9s viennent rencontrer les meilleurs professionnels de leur r\u00e9gion pour organiser leur joli jour.<\/p>\n<p>Quelles seraient tes missions ?<br>Prospecter de nouveaux professionnels du mariage pour ces deux nouveaux salons. <br>La plupart du temps tu expliques nos salons par <img decoding=\"async\" draggable=\"false\" role=\"img\" class=\"emoji\" alt=\"\ud83d\udcf1\" src=\"https:\/\/s.w.org\/images\/core\/emoji\/14.0.0\/svg\/1f4f1.svg\"> depuis notre bureau de Cavaillon (84). Il est possible que nous soyons amen\u00e9s \u00e0 pr\u00e9voir des journ\u00e9es de rendez-vous dans le 83 ou le 06. Pas de panique tu dormiras tous les soir chez toi <img decoding=\"async\" draggable=\"false\" role=\"img\" class=\"emoji\" alt=\"\ud83d\ude09\" src=\"https:\/\/s.w.org\/images\/core\/emoji\/14.0.0\/svg\/1f609.svg\">. Sauf &#8230;.<br>Evidemment tu participeras \u00e0 nos 7 salons du mariage et l\u00e0 tu ne dormiras pas chez toi mais jamais tu ne voudras laisser ta place <img decoding=\"async\" draggable=\"false\" role=\"img\" class=\"emoji\" alt=\"\ud83c\udf89\" src=\"https:\/\/s.w.org\/images\/core\/emoji\/14.0.0\/svg\/1f389.svg\">, JAMAIS !<\/p>\n<p>Voil\u00e0 quelques informations qu&rsquo;il est utile d&rsquo;avoir en t\u00eate avant de postuler histoire que l&rsquo;on ne perde pas trop de temps :<\/p>\n<p>&#8211; T&rsquo;as peur de vendre ==&gt; Laisse tomber !<br>&#8211; T&rsquo;aime pas le t\u00e9l\u00e9phone ==&gt; Laisse tomber !<br>&#8211; Tu penses que tu vas bosser dans un centre d&rsquo;appel ==&gt; tu te trompes !<br>&#8211; T&rsquo;es un vendeur de tapis ==&gt; t&rsquo;as pas le bon profil !<br>&#8211; T&rsquo;aime pas travailler en \u00e9quipe ==&gt; Laisse tomber !<br>&#8211; T&rsquo;as pas le sens de l&rsquo;humour ==&gt; on va pas kiffer !<br>&#8211; T&rsquo;es vieux dans ta t\u00eate ==&gt; nannnnnn !<br>&#8211; Tu te moques de savoir si tu vends du papier toilette ou un produit cool ==&gt; Postules pas stp tu seras jamais inspirant pour qui que ce soit !<br>&#8211; T&rsquo;aimes pas le caf\u00e9 ==&gt; Bah tu profiteras pas du caf\u00e9 illimit\u00e9 !<br>&#8211; T&rsquo;aimes le th\u00e9 ==&gt; tu profiteras du th\u00e9 alors !<br>&#8211; Tu pr\u00e9f\u00e8res travailler dans un immeuble ==&gt; ce job est pas pour toi nous on voit les champs depuis notre fen\u00eatre !<br>&#8211; T&rsquo;aimes bien gal\u00e9rer pour te garer ==&gt; Dommage c&rsquo;est trop simple chez nous !<br>&#8211; Tu cherches un job pour 6 mois ==&gt; Ne postule pas ! <br>&#8211; Tu penses que tu peux postuler sans te renseigner sur nos salons ==&gt; C&rsquo;est dommage ! www.salonsmariage.com<\/p>\n<p>Dans le cas o\u00f9 t&rsquo;aurais pr\u00e9f\u00e9r\u00e9 une offre d&#8217;emploi plus traditionnelle : <br>&#8211; c&rsquo;est un poste en CDI, 35h00<br>&#8211; du Lundi au vendredi, sauf p\u00e9riodes de salons<br>&#8211; on va te former \u00e0 nos produits !<br>&#8211; on va te fournir un t\u00e9l\u00e9phone !<br>&#8211; oui tu vas aussi avoir un <img decoding=\"async\" draggable=\"false\" role=\"img\" class=\"emoji\" alt=\"\ud83d\udcbb\" src=\"https:\/\/s.w.org\/images\/core\/emoji\/14.0.0\/svg\/1f4bb.svg\"> pour travailler ! Avec un peu de chance t&rsquo;auras une <img decoding=\"async\" draggable=\"false\" role=\"img\" class=\"emoji\" alt=\"\ud83d\uddb1\" src=\"https:\/\/s.w.org\/images\/core\/emoji\/14.0.0\/svg\/1f5b1.svg\"> et m\u00eame un <img decoding=\"async\" draggable=\"false\" role=\"img\" class=\"emoji\" alt=\"\u2328\ufe0f\" src=\"https:\/\/s.w.org\/images\/core\/emoji\/14.0.0\/svg\/2328.svg\"> !<br>&#8211; quand on sera sur salon c&rsquo;est nous qui allons payer l&rsquo;h\u00f4tel et le d\u00e9placement (quasi certain que t&rsquo;aurais jamais devin\u00e9 \u00e7a <img decoding=\"async\" draggable=\"false\" role=\"img\" class=\"emoji\" alt=\"\ud83d\ude02\" src=\"https:\/\/s.w.org\/images\/core\/emoji\/14.0.0\/svg\/1f602.svg\">)<\/p>\n<p>Bon comme tu vas pas bosser pour rien, enfin nous on le ferait pas en tout cas, tu toucheras \u00e0 partir de 2000 \u20ac net par mois. Si tu touches pas \u00e7a c&rsquo;est que t&rsquo;es vraiment pas fait pour le job et qu&rsquo;on a fait une grosse erreur de recrutement ( m\u00eame nous on est pas parfaits ! <img decoding=\"async\" draggable=\"false\" role=\"img\" class=\"emoji\" alt=\"\ud83d\ude2c\" src=\"https:\/\/s.w.org\/images\/core\/emoji\/14.0.0\/svg\/1f62c.svg\">), mais si t&rsquo;es bon on te limiteras pas <img decoding=\"async\" draggable=\"false\" role=\"img\" class=\"emoji\" alt=\"\ud83d\ude03\" src=\"https:\/\/s.w.org\/images\/core\/emoji\/14.0.0\/svg\/1f603.svg\">.<\/p>\n<p>Tu peux postuler par email : <br>contact[at]id-organisation.com<\/p>\n<p>Pour info : simplement envoyer ton CV ne constitue pas un acte de t\u00e9moignage de ta motivation. Donc si tu fais \u00e7a on va penser que tu postules juste pour le fun alors on prendra peut-\u00eatre pas la peine de te r\u00e9pondre dac ?<\/p>\n<p><\/p>\t\t\t\t\t\t\t\t<\/div>\n\t\t\t\t<\/div>\n\t\t\t\t\t<\/div>\n\t\t<\/div>\n\t\t\t\t<div class=\"elementor-column elementor-col-50 elementor-top-column elementor-element elementor-element-10d9154\" data-id=\"10d9154\" data-element_type=\"column\" data-e-type=\"column\">\n\t\t\t<div class=\"elementor-widget-wrap elementor-element-populated\">\n\t\t\t\t\t\t<div class=\"elementor-element elementor-element-5cae35e elementor-widget elementor-widget-image\" data-id=\"5cae35e\" data-element_type=\"widget\" data-e-type=\"widget\" data-widget_type=\"image.default\">\n\t\t\t\t<div class=\"elementor-widget-container\">\n\t\t\t\t\t\t\t\t\t\t\t\t\t\t\t<img fetchpriority=\"high\" decoding=\"async\" width=\"800\" height=\"800\" src=\"https:\/\/www.salonsmariage.com\/index\/wp-content\/uploads\/2023\/03\/rejoins-la-team22V2-1024x1024.jpg\" class=\"attachment-large size-large wp-image-5905\" alt=\"Bosser avec nous\" srcset=\"https:\/\/www.salonsmariage.com\/index\/wp-content\/uploads\/2023\/03\/rejoins-la-team22V2-1024x1024.jpg 1024w, https:\/\/www.salonsmariage.com\/index\/wp-content\/uploads\/2023\/03\/rejoins-la-team22V2-300x300.jpg 300w, https:\/\/www.salonsmariage.com\/index\/wp-content\/uploads\/2023\/03\/rejoins-la-team22V2-100x100.jpg 100w, https:\/\/www.salonsmariage.com\/index\/wp-content\/uploads\/2023\/03\/rejoins-la-team22V2-600x600.jpg 600w, https:\/\/www.salonsmariage.com\/index\/wp-content\/uploads\/2023\/03\/rejoins-la-team22V2-150x150.jpg 150w, https:\/\/www.salonsmariage.com\/index\/wp-content\/uploads\/2023\/03\/rejoins-la-team22V2-768x768.jpg 768w, https:\/\/www.salonsmariage.com\/index\/wp-content\/uploads\/2023\/03\/rejoins-la-team22V2.jpg 1080w\" sizes=\"(max-width: 800px) 100vw, 800px\" \/>\t\t\t\t\t\t\t\t\t\t\t\t\t\t\t<\/div>\n\t\t\t\t<\/div>\n\t\t\t\t\t<\/div>\n\t\t<\/div>\n\t\t\t\t\t<\/div>\n\t\t<\/section>\n\t\t\t\t<section class=\"elementor-section elementor-top-section elementor-element elementor-element-faa33de elementor-section-boxed elementor-section-height-default elementor-section-height-default\" data-id=\"faa33de\" data-element_type=\"section\" data-e-type=\"section\">\n\t\t\t\t\t\t<div class=\"elementor-container elementor-column-gap-default\">\n\t\t\t\t\t<div class=\"elementor-column elementor-col-100 elementor-top-column elementor-element elementor-element-badb4ec\" data-id=\"badb4ec\" data-element_type=\"column\" data-e-type=\"column\">\n\t\t\t<div class=\"elementor-widget-wrap elementor-element-populated\">\n\t\t\t\t\t\t<div class=\"elementor-element elementor-element-c9e12f1 elementor-widget-divider--view-line_icon elementor-view-default elementor-widget-divider--element-align-center elementor-widget elementor-widget-divider\" data-id=\"c9e12f1\" data-element_type=\"widget\" data-e-type=\"widget\" data-widget_type=\"divider.default\">\n\t\t\t\t<div class=\"elementor-widget-container\">\n\t\t\t\t\t\t\t<div class=\"elementor-divider\">\n\t\t\t<span class=\"elementor-divider-separator\">\n\t\t\t\t\t\t\t<div class=\"elementor-icon elementor-divider__element\">\n\t\t\t\t\t<i aria-hidden=\"true\" class=\"fas fa-grin-wink\"><\/i><\/div>\n\t\t\t\t\t\t<\/span>\n\t\t<\/div>\n\t\t\t\t\t\t<\/div>\n\t\t\t\t<\/div>\n\t\t\t\t\t<\/div>\n\t\t<\/div>\n\t\t\t\t\t<\/div>\n\t\t<\/section>\n\t\t\t\t<section class=\"elementor-section elementor-top-section elementor-element elementor-element-657dd38 elementor-section-boxed elementor-section-height-default elementor-section-height-default\" data-id=\"657dd38\" data-element_type=\"section\" data-e-type=\"section\">\n\t\t\t\t\t\t<div class=\"elementor-container elementor-column-gap-default\">\n\t\t\t\t\t<div class=\"elementor-column elementor-col-100 elementor-top-column elementor-element elementor-element-a44d3d9\" data-id=\"a44d3d9\" data-element_type=\"column\" data-e-type=\"column\">\n\t\t\t<div class=\"elementor-widget-wrap elementor-element-populated\">\n\t\t\t\t\t\t<div class=\"elementor-element elementor-element-78af6b7 elementor-widget elementor-widget-heading\" data-id=\"78af6b7\" data-element_type=\"widget\" data-e-type=\"widget\" data-widget_type=\"heading.default\">\n\t\t\t\t<div class=\"elementor-widget-container\">\n\t\t\t\t\t<h2 class=\"elementor-heading-title elementor-size-default\">#2 - Charg\u00e9(e) de communication en alternance<\/h2>\t\t\t\t<\/div>\n\t\t\t\t<\/div>\n\t\t\t\t\t<\/div>\n\t\t<\/div>\n\t\t\t\t\t<\/div>\n\t\t<\/section>\n\t\t\t\t<section class=\"elementor-section elementor-top-section elementor-element elementor-element-335805e elementor-section-boxed elementor-section-height-default elementor-section-height-default\" data-id=\"335805e\" data-element_type=\"section\" data-e-type=\"section\">\n\t\t\t\t\t\t<div class=\"elementor-container elementor-column-gap-default\">\n\t\t\t\t\t<div class=\"elementor-column elementor-col-50 elementor-top-column elementor-element elementor-element-253b6ad\" data-id=\"253b6ad\" data-element_type=\"column\" data-e-type=\"column\">\n\t\t\t<div class=\"elementor-widget-wrap elementor-element-populated\">\n\t\t\t\t\t\t<div class=\"elementor-element elementor-element-c41765a elementor-widget elementor-widget-text-editor\" data-id=\"c41765a\" data-element_type=\"widget\" data-e-type=\"widget\" data-widget_type=\"text-editor.default\">\n\t\t\t\t<div class=\"elementor-widget-container\">\n\t\t\t\t\t\t\t\t\t<p>Chez ID ORGANISATION on a d\u00e9cid\u00e9 de ne pas tout faire comme tout le monde. Alors si cette description de poste te parle, tu vas avoir beoin de nous&nbsp;montrer ta motivation.<\/p>\n<p><strong>Pas de formalisme impos\u00e9 !<\/strong> C\u2019est toi qui d\u00e9cides, ce sera la premi\u00e8re d\u2019une longue s\u00e9rie de d\u00e9cisions que tu devras prendre et on sera toujours l\u00e0 pour t\u2019acompagner \ud83d\ude09<\/p>\n<p>Chez nous <strong>pas d\u2019alternance bidon<\/strong> si tu nous rejoins tu as des responsabilit\u00e9s, tu fais, tu te trompes, tu refais, tu apprends, et on progresse ensemble. Ce qui est certain c\u2019est que tu ne restes pas sans rien faire, tu vas avoir du pain sur la planche. Certains sont venus et ont estim\u00e9 que la charge de travail \u00e9tait trop importante, ceux l\u00e0 \u00e9taient fait pour de l\u2019alternance \u00abpr\u00e9paration de caf\u00e9\u00bb ou \u00abpr\u00e9pos\u00e9 \u00e0 la photocopieuse\u00bb.<\/p>\n<h3><b>Tu<\/b> <b>cherches juste une alternance, passe ton chemin parceque nous, on veut partager bien plus !<\/b><\/h3>\n<div><b><br><\/b><\/div>\n<div>\n<div style=\"\">Parmis tout un tas d\u2019autres choses voil\u00e0 ce que l\u2019on va faire<\/div>\n<div style=\"\">enssemble :<\/div>\n<div style=\"\"><ul><li>D\u00e9finir la ligne \u00e9ditoriale des r\u00e9seaux sociaux. Linkedin, Facebook et Instagram.<\/li><li>Travail sur l\u2019acquisition de leads via les r\u00e9seaux sociaux.<\/li><li>Mise en place d\u2019un plan de communication.<\/li><li>Production de contenus<\/li><li>Cr\u00e9ation d\u2019un chemin de fer magasine sp\u00e9cialis\u00e9 mariage<\/li><li>Int\u00e9gration des \u00e9l\u00e9ments graphiques des annonceurs.<\/li><li>Relance des annonceurs.<\/li><li>Montage vid\u00e9os de publicit\u00e9 exposants<\/li><li>&#8230;<\/li><\/ul><div>T&rsquo;as bien regard\u00e9 que notre bureau est a Cavaillon ! C&rsquo;est l\u00e0 qu&rsquo;il faut venir travailler \ud83d\ude09<\/div><div><br><\/div><div>Pour postuler contact[at]id-organisation.com<\/div><\/div>\n\n\n\n\n\n\n\n\n<\/div>\t\t\t\t\t\t\t\t<\/div>\n\t\t\t\t<\/div>\n\t\t\t\t<div class=\"elementor-element elementor-element-45c57f5 elementor-widget elementor-widget-spacer\" data-id=\"45c57f5\" data-element_type=\"widget\" data-e-type=\"widget\" data-widget_type=\"spacer.default\">\n\t\t\t\t<div class=\"elementor-widget-container\">\n\t\t\t\t\t\t\t<div class=\"elementor-spacer\">\n\t\t\t<div class=\"elementor-spacer-inner\"><\/div>\n\t\t<\/div>\n\t\t\t\t\t\t<\/div>\n\t\t\t\t<\/div>\n\t\t\t\t\t<\/div>\n\t\t<\/div>\n\t\t\t\t<div class=\"elementor-column elementor-col-50 elementor-top-column elementor-element elementor-element-0f9bc84\" data-id=\"0f9bc84\" data-element_type=\"column\" data-e-type=\"column\">\n\t\t\t<div class=\"elementor-widget-wrap elementor-element-populated\">\n\t\t\t\t\t\t<div class=\"elementor-element elementor-element-53d6b56 elementor-widget elementor-widget-image\" data-id=\"53d6b56\" data-element_type=\"widget\" data-e-type=\"widget\" data-widget_type=\"image.default\">\n\t\t\t\t<div class=\"elementor-widget-container\">\n\t\t\t\t\t\t\t\t\t\t\t\t\t\t\t<img decoding=\"async\" width=\"800\" height=\"534\" src=\"https:\/\/www.salonsmariage.com\/index\/wp-content\/uploads\/2023\/02\/Salon-mariage-Avignon-239.jpg\" class=\"attachment-large size-large wp-image-5811\" alt=\"\" srcset=\"https:\/\/www.salonsmariage.com\/index\/wp-content\/uploads\/2023\/02\/Salon-mariage-Avignon-239.jpg 1024w, https:\/\/www.salonsmariage.com\/index\/wp-content\/uploads\/2023\/02\/Salon-mariage-Avignon-239-600x400.jpg 600w, https:\/\/www.salonsmariage.com\/index\/wp-content\/uploads\/2023\/02\/Salon-mariage-Avignon-239-300x200.jpg 300w, https:\/\/www.salonsmariage.com\/index\/wp-content\/uploads\/2023\/02\/Salon-mariage-Avignon-239-768x512.jpg 768w\" sizes=\"(max-width: 800px) 100vw, 800px\">\t\t\t\t\t\t\t\t\t\t\t\t\t\t\t<\/div>\n\t\t\t\t<\/div>\n\t\t\t\t<div class=\"elementor-element elementor-element-26d269c elementor-widget elementor-widget-image\" data-id=\"26d269c\" data-element_type=\"widget\" data-e-type=\"widget\" data-widget_type=\"image.default\">\n\t\t\t\t<div class=\"elementor-widget-container\">\n\t\t\t\t\t\t\t\t\t\t\t\t\t\t\t<img decoding=\"async\" width=\"579\" height=\"579\" src=\"https:\/\/www.salonsmariage.com\/index\/wp-content\/uploads\/2021\/05\/Couple-salons-du-mariage.jpg\" class=\"attachment-large size-large wp-image-3566\" alt=\"\" srcset=\"https:\/\/www.salonsmariage.com\/index\/wp-content\/uploads\/2021\/05\/Couple-salons-du-mariage.jpg 579w, https:\/\/www.salonsmariage.com\/index\/wp-content\/uploads\/2021\/05\/Couple-salons-du-mariage-300x300.jpg 300w, https:\/\/www.salonsmariage.com\/index\/wp-content\/uploads\/2021\/05\/Couple-salons-du-mariage-100x100.jpg 100w, https:\/\/www.salonsmariage.com\/index\/wp-content\/uploads\/2021\/05\/Couple-salons-du-mariage-150x150.jpg 150w\" sizes=\"(max-width: 579px) 100vw, 579px\">\t\t\t\t\t\t\t\t\t\t\t\t\t\t\t<\/div>\n\t\t\t\t<\/div>\n\t\t\t\t\t<\/div>\n\t\t<\/div>\n\t\t\t\t\t<\/div>\n\t\t<\/section>\n\t\t\t\t<section class=\"elementor-section elementor-top-section elementor-element elementor-element-cf56a11 elementor-section-boxed elementor-section-height-default elementor-section-height-default\" data-id=\"cf56a11\" data-element_type=\"section\" data-e-type=\"section\">\n\t\t\t\t\t\t<div class=\"elementor-container elementor-column-gap-default\">\n\t\t\t\t\t<div class=\"elementor-column elementor-col-100 elementor-top-column elementor-element elementor-element-b8a1d72\" data-id=\"b8a1d72\" data-element_type=\"column\" data-e-type=\"column\">\n\t\t\t<div class=\"elementor-widget-wrap elementor-element-populated\">\n\t\t\t\t\t\t<div class=\"elementor-element elementor-element-4eb298c elementor-widget__width-initial elementor-fixed elementor-widget elementor-widget-button\" data-id=\"4eb298c\" data-element_type=\"widget\" data-e-type=\"widget\" data-settings=\"{&quot;_position&quot;:&quot;fixed&quot;}\" data-widget_type=\"button.default\">\n\t\t\t\t<div class=\"elementor-widget-container\">\n\t\t\t\t\t\t\t\t\t<div class=\"elementor-button-wrapper\">\n\t\t\t\t\t<a class=\"elementor-button elementor-button-link elementor-size-md\" href=\"mailto:commerce@id-organisation.com,claire@id-organisation.com\" target=\"_blank\">\n\t\t\t\t\t\t<span class=\"elementor-button-content-wrapper\">\n\t\t\t\t\t\t<span class=\"elementor-button-icon\">\n\t\t\t\t<i aria-hidden=\"true\" class=\"fas fa-envelope\"><\/i>\t\t\t<\/span>\n\t\t\t\t\t\t\t\t<\/span>\n\t\t\t\t\t<\/a>\n\t\t\t\t<\/div>\n\t\t\t\t\t\t\t\t<\/div>\n\t\t\t\t<\/div>\n\t\t\t\t\t<\/div>\n\t\t<\/div>\n\t\t\t\t\t<\/div>\n\t\t<\/section>\n\t\t\t\t<\/div>\n\t\t","protected":false},"excerpt":{"rendered":"<p>!! Offres d&#8217;emploi !! #1 &#8211; Commercial \u00e9v\u00e9nementiel CDI 35h00 Nous organisons sur la saison 2023 \/ 2024 deux nouveaux salons du mariage CANNES \/ MANDELIEU et HYERES qui promettent d&rsquo;\u00eatre EXTRAS ! Nous recherchons donc un ou une nouvelle \u00ab\u00a0ID\u00a0\u00bb pour accompagner ce d\u00e9veloppement ! Chez ID nous sommes persuad\u00e9s qu&rsquo;il est possible de [&hellip;]<\/p>\n","protected":false},"author":1,"featured_media":0,"parent":0,"menu_order":0,"comment_status":"closed","ping_status":"closed","template":"","meta":{"_acf_changed":false,"footnotes":""},"class_list":["post-5902","page","type-page","status-publish","hentry"],"acf":[],"_links":{"self":[{"href":"https:\/\/www.salonsmariage.com\/index\/wp-json\/wp\/v2\/pages\/5902","targetHints":{"allow":["GET"]}}],"collection":[{"href":"https:\/\/www.salonsmariage.com\/index\/wp-json\/wp\/v2\/pages"}],"about":[{"href":"https:\/\/www.salonsmariage.com\/index\/wp-json\/wp\/v2\/types\/page"}],"author":[{"embeddable":true,"href":"https:\/\/www.salonsmariage.com\/index\/wp-json\/wp\/v2\/users\/1"}],"replies":[{"embeddable":true,"href":"https:\/\/www.salonsmariage.com\/index\/wp-json\/wp\/v2\/comments?post=5902"}],"version-history":[{"count":0,"href":"https:\/\/www.salonsmariage.com\/index\/wp-json\/wp\/v2\/pages\/5902\/revisions"}],"wp:attachment":[{"href":"https:\/\/www.salonsmariage.com\/index\/wp-json\/wp\/v2\/media?parent=5902"}],"curies":[{"name":"wp","href":"https:\/\/api.w.org\/{rel}","templated":true}]}}