{"id":52,"date":"2011-03-07T20:09:44","date_gmt":"2011-03-07T19:09:44","guid":{"rendered":"https:\/\/www.salonsmariage.com\/index\/?page_id=52"},"modified":"2025-03-31T16:50:03","modified_gmt":"2025-03-31T15:50:03","slug":"historique-des-salons-du-mariage-du-sud","status":"publish","type":"page","link":"https:\/\/www.salonsmariage.com\/index\/historique-des-salons-du-mariage-du-sud\/","title":{"rendered":"HISTORIQUE"},"content":{"rendered":"\t\t<div data-elementor-type=\"wp-page\" data-elementor-id=\"52\" class=\"elementor elementor-52\" data-elementor-post-type=\"page\">\n\t\t\t\t\t\t<section class=\"elementor-section elementor-top-section elementor-element elementor-element-f560071 elementor-section-boxed elementor-section-height-default elementor-section-height-default\" data-id=\"f560071\" data-element_type=\"section\" data-e-type=\"section\">\n\t\t\t\t\t\t<div class=\"elementor-container elementor-column-gap-default\">\n\t\t\t\t\t<div class=\"elementor-column elementor-col-100 elementor-top-column elementor-element elementor-element-88d23a0\" data-id=\"88d23a0\" data-element_type=\"column\" data-e-type=\"column\">\n\t\t\t<div class=\"elementor-widget-wrap elementor-element-populated\">\n\t\t\t\t\t\t<div class=\"elementor-element elementor-element-2ebbba5 elementor-widget elementor-widget-heading\" data-id=\"2ebbba5\" data-element_type=\"widget\" data-e-type=\"widget\" data-widget_type=\"heading.default\">\n\t\t\t\t<div class=\"elementor-widget-container\">\n\t\t\t\t\t<h2 class=\"elementor-heading-title elementor-size-default\">Petit Historique des Salons du Mariage <br> by ID ORGANISATION<\/h2>\t\t\t\t<\/div>\n\t\t\t\t<\/div>\n\t\t\t\t\t<\/div>\n\t\t<\/div>\n\t\t\t\t\t<\/div>\n\t\t<\/section>\n\t\t\t\t<section class=\"elementor-section elementor-top-section elementor-element elementor-element-38d34965 elementor-section-boxed elementor-section-height-default elementor-section-height-default\" data-id=\"38d34965\" data-element_type=\"section\" data-e-type=\"section\" data-settings=\"{&quot;background_background&quot;:&quot;classic&quot;,&quot;shape_divider_top&quot;:&quot;waves&quot;}\">\n\t\t\t\t\t\t\t<div class=\"elementor-background-overlay\"><\/div>\n\t\t\t\t\t\t<div class=\"elementor-shape elementor-shape-top\" aria-hidden=\"true\" data-negative=\"false\">\n\t\t\t<svg xmlns=\"http:\/\/www.w3.org\/2000\/svg\" viewBox=\"0 0 1000 100\" preserveAspectRatio=\"none\">\n\t<path class=\"elementor-shape-fill\" d=\"M421.9,6.5c22.6-2.5,51.5,0.4,75.5,5.3c23.6,4.9,70.9,23.5,100.5,35.7c75.8,32.2,133.7,44.5,192.6,49.7\n\tc23.6,2.1,48.7,3.5,103.4-2.5c54.7-6,106.2-25.6,106.2-25.6V0H0v30.3c0,0,72,32.6,158.4,30.5c39.2-0.7,92.8-6.7,134-22.4\n\tc21.2-8.1,52.2-18.2,79.7-24.2C399.3,7.9,411.6,7.5,421.9,6.5z\"\/>\n<\/svg>\t\t<\/div>\n\t\t\t\t\t<div class=\"elementor-container elementor-column-gap-default\">\n\t\t\t\t\t<div class=\"elementor-column elementor-col-100 elementor-top-column elementor-element elementor-element-1f694211\" data-id=\"1f694211\" data-element_type=\"column\" data-e-type=\"column\">\n\t\t\t<div class=\"elementor-widget-wrap elementor-element-populated\">\n\t\t\t\t\t\t<div class=\"elementor-element elementor-element-1045da7 elementor-widget elementor-widget-text-editor\" data-id=\"1045da7\" data-element_type=\"widget\" data-e-type=\"widget\" data-widget_type=\"text-editor.default\">\n\t\t\t\t<div class=\"elementor-widget-container\">\n\t\t\t\t\t\t\t\t\t<p>En 2009, les salons du mariage ID Organisation ont rassembl\u00e9 plus de 15 000 visiteurs. Ces futurs mari\u00e9s venus de tout le sud de la France ont pu rencontrer pas moins de 400 professionnels du mariage. Un record !<\/p>\t\t\t\t\t\t\t\t<\/div>\n\t\t\t\t<\/div>\n\t\t\t\t<div class=\"elementor-element elementor-element-342ddd1 elementor-widget elementor-widget-text-editor\" data-id=\"342ddd1\" data-element_type=\"widget\" data-e-type=\"widget\" data-widget_type=\"text-editor.default\">\n\t\t\t\t<div class=\"elementor-widget-container\">\n\t\t\t\t\t\t\t\t\t<p>En 2010, les salons du mariage ID Organisation ont rassembl\u00e9 pr\u00e8s de 450 exposants et d\u00e9plac\u00e9 les foules, en effet plus de 16 000 visiteurs s\u2019y sont press\u00e9s pour organiser leur mariage en toute s\u00e9r\u00e9nit\u00e9 !<\/p>\t\t\t\t\t\t\t\t<\/div>\n\t\t\t\t<\/div>\n\t\t\t\t<div class=\"elementor-element elementor-element-59762c4 elementor-widget elementor-widget-text-editor\" data-id=\"59762c4\" data-element_type=\"widget\" data-e-type=\"widget\" data-widget_type=\"text-editor.default\">\n\t\t\t\t<div class=\"elementor-widget-container\">\n\t\t\t\t\t\t\t\t\t<p>En 2011, nous attendons sur les salons du mariage de N\u00eemes, Aubagne, Valence, Palavas Montpellier, Martigues, Avignon, B\u00e9ziers et Arles plus de 20 000 futurs mari\u00e9s !<\/p>\t\t\t\t\t\t\t\t<\/div>\n\t\t\t\t<\/div>\n\t\t\t\t<div class=\"elementor-element elementor-element-f03694c elementor-widget elementor-widget-text-editor\" data-id=\"f03694c\" data-element_type=\"widget\" data-e-type=\"widget\" data-widget_type=\"text-editor.default\">\n\t\t\t\t<div class=\"elementor-widget-container\">\n\t\t\t\t\t\t\t\t\t<p>Pour les saisons 2012 \/ 2013 et 2013 \/ 2014, le nombre de visiteurs et d&rsquo;exposants est rest\u00e9 constant. De plus, de nouvelles fonctionnalit\u00e9s ont \u00e9t\u00e9 introduites dans les salons de N\u00eemes, Aubagne, Valence, Montpellier, Martigues, Avignon, B\u00e9ziers et Arles. Les visiteurs peuvent profiter d&rsquo;une entr\u00e9e valable tout le week-end, participer \u00e0 un jeu-concours pour gagner un stand, et les exposants ont acc\u00e8s \u00e0 des formations. De plus, il est possible de mettre en avant vos enseignes sur le site salonsmariage.com.<\/p>\t\t\t\t\t\t\t\t<\/div>\n\t\t\t\t<\/div>\n\t\t\t\t<div class=\"elementor-element elementor-element-833f55a elementor-widget elementor-widget-text-editor\" data-id=\"833f55a\" data-element_type=\"widget\" data-e-type=\"widget\" data-widget_type=\"text-editor.default\">\n\t\t\t\t<div class=\"elementor-widget-container\">\n\t\t\t\t\t\t\t\t\t<p>Pour la saison 2014 \/ 2015 GRANDE NOUVEAUT\u00c9, ID Organisation lance \u00ab\u00a0So Cute\u00a0\u00bb, le magazine cr\u00e9\u00e9 pour les futurs mari\u00e9s tel un guide outil ultra-tendance qu&rsquo;ils pourront garder pour les aider tout au long de l&rsquo;organisation de leur plus beau jour !<\/p>\t\t\t\t\t\t\t\t<\/div>\n\t\t\t\t<\/div>\n\t\t\t\t<div class=\"elementor-element elementor-element-792cc75 elementor-widget elementor-widget-text-editor\" data-id=\"792cc75\" data-element_type=\"widget\" data-e-type=\"widget\" data-widget_type=\"text-editor.default\">\n\t\t\t\t<div class=\"elementor-widget-container\">\n\t\t\t\t\t\t\t\t\t<p>En 2015 \/ 2016 c&rsquo;est 5 salons du mariage qui vous ont \u00e9t\u00e9 pr\u00e9sent\u00e9s dans les villes d\u2019Aubagne, Valence, Avignon, Martigues et Montpellier avec la d\u00e9clinaison du th\u00e8me tr\u00e8s en vogue \u00ab\u00a0inspiration vintage\u00a0\u00bb. Vous avez retrouv\u00e9 \u00e7\u00e0 et l\u00e0 des \u00ab\u00a0touches r\u00e9tro\u00a0\u00bb, \u00e0 l&rsquo;entr\u00e9e des salons, sur les d\u00e9fil\u00e9s, dans l&rsquo;espace restauration etc&#8230; Et en 2015\/2016, chaque couple de futurs mari\u00e9s a re\u00e7u le tr\u00e8s pl\u00e9biscit\u00e9 SO CUTE magazine \u00e0 l&rsquo;entr\u00e9e de tous les salons !<\/p>\t\t\t\t\t\t\t\t<\/div>\n\t\t\t\t<\/div>\n\t\t\t\t<div class=\"elementor-element elementor-element-35d84f3 elementor-widget elementor-widget-text-editor\" data-id=\"35d84f3\" data-element_type=\"widget\" data-e-type=\"widget\" data-widget_type=\"text-editor.default\">\n\t\t\t\t<div class=\"elementor-widget-container\">\n\t\t\t\t\t\t\t\t\t<p>La tr\u00e8s grande nouveaut\u00e9 de la saison 2016 &#8211; 2017, c&rsquo;est l&rsquo;organisation par ID Organisation du salon du mariage de MARSEILLE au Parc Chanot !!! Eh oui ! C&rsquo;est le changement d&rsquo;organisateur dont tout le monde parle&#8230; en effet, le salon Mariagora est maintenant remplac\u00e9 par le salon du mariage de ID Organisation qui sera le seul salon \u00e0 se tenir \u00e0 Marseille au Parc Chanot d\u00e8s la saison 2016 !!! Le salon du mariage de Marseille de Novembre 2016 est report\u00e9 \u00e0 janvier 2017. Pour cette saison, c&rsquo;est donc 6 salons du mariage sign\u00e9s ID Organisation qui vous sont propos\u00e9s avec Aubagne, Valence, Avignon, Montpellier, Marseille et Martigues. Le th\u00e8me de 2016 est \u00ab\u00a0boh\u00e8me chic\u00a0\u00bb, avec des inspirations tr\u00e8s en vogue chez les futurs mari\u00e9s cette saison !<\/p>\t\t\t\t\t\t\t\t<\/div>\n\t\t\t\t<\/div>\n\t\t\t\t<div class=\"elementor-element elementor-element-1fe87d8 elementor-widget elementor-widget-text-editor\" data-id=\"1fe87d8\" data-element_type=\"widget\" data-e-type=\"widget\" data-widget_type=\"text-editor.default\">\n\t\t\t\t<div class=\"elementor-widget-container\">\n\t\t\t\t\t\t\t\t\t<p>Pour la saison 2017-2018, 5 salons du mariage vous sont propos\u00e9s avec Aubagne, Valence, Avignon, Marseille et Montpellier !<\/p>\t\t\t\t\t\t\t\t<\/div>\n\t\t\t\t<\/div>\n\t\t\t\t<div class=\"elementor-element elementor-element-eae3e64 elementor-widget elementor-widget-text-editor\" data-id=\"eae3e64\" data-element_type=\"widget\" data-e-type=\"widget\" data-widget_type=\"text-editor.default\">\n\t\t\t\t<div class=\"elementor-widget-container\">\n\t\t\t\t\t\t\t\t\t<p>En 2018-2019, 6 salons vous ont \u00e9t\u00e9 propos\u00e9s : Aubagne, Valence, Avignon, Marseille, le tout nouvel Aix en Provence et Montpellier<\/p>\t\t\t\t\t\t\t\t<\/div>\n\t\t\t\t<\/div>\n\t\t\t\t<div class=\"elementor-element elementor-element-954adeb elementor-widget elementor-widget-text-editor\" data-id=\"954adeb\" data-element_type=\"widget\" data-e-type=\"widget\" data-widget_type=\"text-editor.default\">\n\t\t\t\t<div class=\"elementor-widget-container\">\n\t\t\t\t\t\t\t\t\t<p>En 2019-2020, 6 salons vous sont propos\u00e9s : Aubagne, Valence, Avignon, Marseille, \u00e0 nouveau Aix en Provence et Montpellier ! Et une nouveaut\u00e9, modernit\u00e9 : L&rsquo;application mobile GRATUITE des salons du mariage. On y retrouve toutes les listes des exposants des salons du mariage by ID ORGANISATION.<\/p>\t\t\t\t\t\t\t\t<\/div>\n\t\t\t\t<\/div>\n\t\t\t\t<div class=\"elementor-element elementor-element-557a073 elementor-widget elementor-widget-text-editor\" data-id=\"557a073\" data-element_type=\"widget\" data-e-type=\"widget\" data-widget_type=\"text-editor.default\">\n\t\t\t\t<div class=\"elementor-widget-container\">\n\t\t\t\t\t\t\t\t\t<p>2020-2021 : Une ann\u00e9e compliqu\u00e9 avec la Crise li\u00e9e au Covid-19. Mais cela n&rsquo;a pas arr\u00eat\u00e9 ID-ORGANISATION ! En effet, Lors de cette saison, un nouveau concept \u00e0 vu le jour. Les Salons Virtuel by ID-ORGANISATION;<\/p>\t\t\t\t\t\t\t\t<\/div>\n\t\t\t\t<\/div>\n\t\t\t\t<div class=\"elementor-element elementor-element-6de2a4c elementor-widget elementor-widget-text-editor\" data-id=\"6de2a4c\" data-element_type=\"widget\" data-e-type=\"widget\" data-widget_type=\"text-editor.default\">\n\t\t\t\t<div class=\"elementor-widget-container\">\n\t\t\t\t\t\t\t\t\t<p>En 2021-2022,\u00a0 Nous vous proposons 5 salons : Aubagne, Valence, Avignon, Marseille et Aix-en-Provence. Cette saison, vous retrouvez 2 d\u00e9fil\u00e9s sc\u00e9naris\u00e9s par jour\u00a0 sur notre th\u00e8me ROCK pour votre plus grand plaisir et celui de nos exposants.<\/p><p>En 2022-2023, Nous r\u00e9alisions un nouveau concept pour am\u00e9liorer nos d\u00e9li\u00e9s\u00a0 sc\u00e9nographi\u00e9s. Nous avons cr\u00e9\u00e9s LE d\u00e9fil\u00e9s IMMERSIF by ID ORGANISATION. Le visiteur \u00e9tait invit\u00e9\u00a0 \u00e0 entrer dans le d\u00e9cor, et ainsi, \u00e0 ne faire plus qu&rsquo;un avec le th\u00e8me de cette saison, le th\u00e8me paradisiaque.\u00a0<\/p><p>En 2023-2024, 2 nouveaux salons viennent s&rsquo;ajouter \u00e0 la liste, Cannes-Mandelieu et Hy\u00e8res. Cette saison les d\u00e9fil\u00e9s ainsi que l&rsquo;ambiance des 7 salons\u00a0 tourneront autour du th\u00e8me Hivernal;<\/p>\t\t\t\t\t\t\t\t<\/div>\n\t\t\t\t<\/div>\n\t\t\t\t<div class=\"elementor-element elementor-element-9b1f5cc elementor-widget elementor-widget-text-editor\" data-id=\"9b1f5cc\" data-element_type=\"widget\" data-e-type=\"widget\" data-widget_type=\"text-editor.default\">\n\t\t\t\t<div class=\"elementor-widget-container\">\n\t\t\t\t\t\t\t\t\t<p>En 2024-2025 : Nous continuons nos deux nouveaux salons qui ont su s&rsquo;imposer comme des incontournables dans leur r\u00e9gion respective. Cette saison des salons du mariages f\u00fbt ax\u00e9e autour d&rsquo;un th\u00e8me Mexique ! Un th\u00e8me joyeux &amp; color\u00e9 qui a \u00e9merveill\u00e9 les visiteurs mais aussi les prestataires toujours autant au rendez-vous.<\/p>\t\t\t\t\t\t\t\t<\/div>\n\t\t\t\t<\/div>\n\t\t\t\t<div class=\"elementor-element elementor-element-4c61d7b elementor-widget elementor-widget-text-editor\" data-id=\"4c61d7b\" data-element_type=\"widget\" data-e-type=\"widget\" data-widget_type=\"text-editor.default\">\n\t\t\t\t<div class=\"elementor-widget-container\">\n\t\t\t\t\t\t\t\t\t<p>En 2025-2026 : Nous vous laissons venir voir par vous m\u00eame : <a style=\"color: black; text-decoration: none;\" href=\"https:\/\/www.salonsmariage.com\/index\/billetterie-salons-du-mariage\/\">Prenez vos tickets !!<\/a><\/p>\t\t\t\t\t\t\t\t<\/div>\n\t\t\t\t<\/div>\n\t\t\t\t\t<\/div>\n\t\t<\/div>\n\t\t\t\t\t<\/div>\n\t\t<\/section>\n\t\t\t\t<section class=\"elementor-section elementor-top-section elementor-element elementor-element-6f17295 elementor-section-boxed elementor-section-height-default elementor-section-height-default\" data-id=\"6f17295\" data-element_type=\"section\" data-e-type=\"section\">\n\t\t\t\t\t\t<div class=\"elementor-container elementor-column-gap-default\">\n\t\t\t\t\t<div class=\"elementor-column elementor-col-100 elementor-top-column elementor-element elementor-element-4d5f298\" data-id=\"4d5f298\" data-element_type=\"column\" data-e-type=\"column\">\n\t\t\t<div class=\"elementor-widget-wrap elementor-element-populated\">\n\t\t\t\t\t\t<div class=\"elementor-element elementor-element-8252181 elementor-widget__width-initial elementor-fixed elementor-widget elementor-widget-button\" data-id=\"8252181\" data-element_type=\"widget\" data-e-type=\"widget\" data-settings=\"{&quot;_position&quot;:&quot;fixed&quot;}\" data-widget_type=\"button.default\">\n\t\t\t\t<div class=\"elementor-widget-container\">\n\t\t\t\t\t\t\t\t\t<div class=\"elementor-button-wrapper\">\n\t\t\t\t\t<a class=\"elementor-button elementor-button-link elementor-size-md\" href=\"mailto:servicecom@id-organisation.com\" target=\"_blank\">\n\t\t\t\t\t\t<span class=\"elementor-button-content-wrapper\">\n\t\t\t\t\t\t<span class=\"elementor-button-icon\">\n\t\t\t\t<i aria-hidden=\"true\" class=\"fas fa-envelope\"><\/i>\t\t\t<\/span>\n\t\t\t\t\t\t\t\t<\/span>\n\t\t\t\t\t<\/a>\n\t\t\t\t<\/div>\n\t\t\t\t\t\t\t\t<\/div>\n\t\t\t\t<\/div>\n\t\t\t\t\t<\/div>\n\t\t<\/div>\n\t\t\t\t\t<\/div>\n\t\t<\/section>\n\t\t\t\t<\/div>\n\t\t","protected":false},"excerpt":{"rendered":"<p>Petit Historique des Salons du Mariage by ID ORGANISATION En 2009, les salons du mariage ID Organisation ont rassembl\u00e9 plus de 15 000 visiteurs. Ces futurs mari\u00e9s venus de tout le sud de la France ont pu rencontrer pas moins de 400 professionnels du mariage. Un record ! En 2010, les salons du mariage ID [&hellip;]<\/p>\n","protected":false},"author":1,"featured_media":0,"parent":0,"menu_order":0,"comment_status":"closed","ping_status":"open","template":"","meta":{"_acf_changed":false,"footnotes":""},"class_list":["post-52","page","type-page","status-publish","hentry"],"acf":[],"_links":{"self":[{"href":"https:\/\/www.salonsmariage.com\/index\/wp-json\/wp\/v2\/pages\/52","targetHints":{"allow":["GET"]}}],"collection":[{"href":"https:\/\/www.salonsmariage.com\/index\/wp-json\/wp\/v2\/pages"}],"about":[{"href":"https:\/\/www.salonsmariage.com\/index\/wp-json\/wp\/v2\/types\/page"}],"author":[{"embeddable":true,"href":"https:\/\/www.salonsmariage.com\/index\/wp-json\/wp\/v2\/users\/1"}],"replies":[{"embeddable":true,"href":"https:\/\/www.salonsmariage.com\/index\/wp-json\/wp\/v2\/comments?post=52"}],"version-history":[{"count":0,"href":"https:\/\/www.salonsmariage.com\/index\/wp-json\/wp\/v2\/pages\/52\/revisions"}],"wp:attachment":[{"href":"https:\/\/www.salonsmariage.com\/index\/wp-json\/wp\/v2\/media?parent=52"}],"curies":[{"name":"wp","href":"https:\/\/api.w.org\/{rel}","templated":true}]}}