{"id":32,"date":"2011-03-07T20:06:24","date_gmt":"2011-03-07T19:06:24","guid":{"rendered":"https:\/\/www.salonsmariage.com\/index\/?page_id=32"},"modified":"2025-02-21T15:23:03","modified_gmt":"2025-02-21T14:23:03","slug":"salon-du-mariage-vaucluse","status":"publish","type":"page","link":"https:\/\/www.salonsmariage.com\/index\/salon-du-mariage-vaucluse\/","title":{"rendered":"VAUCLUSE"},"content":{"rendered":"\t\t<div data-elementor-type=\"wp-page\" data-elementor-id=\"32\" class=\"elementor elementor-32\" data-elementor-post-type=\"page\">\n\t\t\t\t\t\t<section class=\"elementor-section elementor-top-section elementor-element elementor-element-8a284dc elementor-section-boxed elementor-section-height-default elementor-section-height-default\" data-id=\"8a284dc\" data-element_type=\"section\" data-e-type=\"section\">\n\t\t\t\t\t\t<div class=\"elementor-container elementor-column-gap-default\">\n\t\t\t\t\t<div class=\"elementor-column elementor-col-100 elementor-top-column elementor-element elementor-element-2bac617\" data-id=\"2bac617\" data-element_type=\"column\" data-e-type=\"column\">\n\t\t\t<div class=\"elementor-widget-wrap elementor-element-populated\">\n\t\t\t\t\t\t<div class=\"elementor-element elementor-element-0135d14 elementor-widget elementor-widget-heading\" data-id=\"0135d14\" data-element_type=\"widget\" data-e-type=\"widget\" data-widget_type=\"heading.default\">\n\t\t\t\t<div class=\"elementor-widget-container\">\n\t\t\t\t\t<h2 class=\"elementor-heading-title elementor-size-default\"><a href=\"https:\/\/www.salonsmariage.com\/index\/salon-du-mariage-de-cannes\/\">Salon du mariage Vaucluse <\/a><\/h2>\t\t\t\t<\/div>\n\t\t\t\t<\/div>\n\t\t\t\t\t<\/div>\n\t\t<\/div>\n\t\t\t\t\t<\/div>\n\t\t<\/section>\n\t\t\t\t<section class=\"elementor-section elementor-top-section elementor-element elementor-element-265929c4 elementor-section-boxed elementor-section-height-default elementor-section-height-default\" data-id=\"265929c4\" data-element_type=\"section\" data-e-type=\"section\">\n\t\t\t\t\t\t<div class=\"elementor-container elementor-column-gap-default\">\n\t\t\t\t\t<div class=\"elementor-column elementor-col-50 elementor-top-column elementor-element elementor-element-748d913e\" data-id=\"748d913e\" data-element_type=\"column\" data-e-type=\"column\">\n\t\t\t<div class=\"elementor-widget-wrap elementor-element-populated\">\n\t\t\t\t\t\t<div class=\"elementor-element elementor-element-5a7d1725 elementor-widget elementor-widget-heading\" data-id=\"5a7d1725\" data-element_type=\"widget\" data-e-type=\"widget\" data-widget_type=\"heading.default\">\n\t\t\t\t<div class=\"elementor-widget-container\">\n\t\t\t\t\t<h2 class=\"elementor-heading-title elementor-size-default\"><a href=\"https:\/\/www.salonsmariage.com\/index\/salon-du-mariage-d-avignon\/\">SALON DU MARIAGE D'AVIGNON 2024<\/a><\/h2>\t\t\t\t<\/div>\n\t\t\t\t<\/div>\n\t\t\t\t<div class=\"elementor-element elementor-element-6b2a4434 elementor-widget__width-auto elementor-widget-mobile__width-initial elementor-widget elementor-widget-image\" data-id=\"6b2a4434\" data-element_type=\"widget\" data-e-type=\"widget\" data-settings=\"{&quot;motion_fx_translateY_effect&quot;:&quot;yes&quot;,&quot;motion_fx_translateY_direction&quot;:&quot;negative&quot;,&quot;motion_fx_translateY_speed&quot;:{&quot;unit&quot;:&quot;px&quot;,&quot;size&quot;:&quot;1&quot;,&quot;sizes&quot;:[]},&quot;motion_fx_motion_fx_scrolling&quot;:&quot;yes&quot;,&quot;motion_fx_translateY_affectedRange&quot;:{&quot;unit&quot;:&quot;%&quot;,&quot;size&quot;:&quot;&quot;,&quot;sizes&quot;:{&quot;start&quot;:0,&quot;end&quot;:100}},&quot;motion_fx_devices&quot;:[&quot;desktop&quot;,&quot;tablet&quot;,&quot;mobile&quot;]}\" data-widget_type=\"image.default\">\n\t\t\t\t<div class=\"elementor-widget-container\">\n\t\t\t\t\t\t\t\t\t\t\t\t\t\t\t\t<a href=\"https:\/\/www.salonsmariage.com\/index\/salon-du-mariage-d-avignon\/\">\n\t\t\t\t\t\t\t<img fetchpriority=\"high\" decoding=\"async\" width=\"2560\" height=\"1440\" src=\"https:\/\/www.salonsmariage.com\/index\/wp-content\/uploads\/2021\/05\/mariee-avignon.jpg\" class=\"attachment-full size-full wp-image-3924\" alt=\"Salons du Mariage VAR Salon du mariage Vaucluse\" srcset=\"https:\/\/www.salonsmariage.com\/index\/wp-content\/uploads\/2021\/05\/mariee-avignon.jpg 2560w, https:\/\/www.salonsmariage.com\/index\/wp-content\/uploads\/2021\/05\/mariee-avignon-600x338.jpg 600w, https:\/\/www.salonsmariage.com\/index\/wp-content\/uploads\/2021\/05\/mariee-avignon-300x169.jpg 300w, https:\/\/www.salonsmariage.com\/index\/wp-content\/uploads\/2021\/05\/mariee-avignon-1024x576.jpg 1024w, https:\/\/www.salonsmariage.com\/index\/wp-content\/uploads\/2021\/05\/mariee-avignon-768x432.jpg 768w, https:\/\/www.salonsmariage.com\/index\/wp-content\/uploads\/2021\/05\/mariee-avignon-1536x864.jpg 1536w, https:\/\/www.salonsmariage.com\/index\/wp-content\/uploads\/2021\/05\/mariee-avignon-2048x1152.jpg 2048w\" sizes=\"(max-width: 2560px) 100vw, 2560px\" \/>\t\t\t\t\t\t\t\t<\/a>\n\t\t\t\t\t\t\t\t\t\t\t\t\t\t\t<\/div>\n\t\t\t\t<\/div>\n\t\t\t\t\t<\/div>\n\t\t<\/div>\n\t\t\t\t<div class=\"elementor-column elementor-col-50 elementor-top-column elementor-element elementor-element-5a3651e7\" data-id=\"5a3651e7\" data-element_type=\"column\" data-e-type=\"column\">\n\t\t\t<div class=\"elementor-widget-wrap elementor-element-populated\">\n\t\t\t\t\t\t<div class=\"elementor-element elementor-element-24ad1b3d elementor-widget elementor-widget-image\" data-id=\"24ad1b3d\" data-element_type=\"widget\" data-e-type=\"widget\" data-widget_type=\"image.default\">\n\t\t\t\t<div class=\"elementor-widget-container\">\n\t\t\t\t\t\t\t\t\t\t\t\t\t\t\t<img decoding=\"async\" width=\"800\" height=\"334\" src=\"https:\/\/www.salonsmariage.com\/index\/wp-content\/uploads\/2021\/05\/BG-home-new6-1024x427.png\" class=\"attachment-large size-large wp-image-3485\" alt=\"\" srcset=\"https:\/\/www.salonsmariage.com\/index\/wp-content\/uploads\/2021\/05\/BG-home-new6-1024x427.png 1024w, https:\/\/www.salonsmariage.com\/index\/wp-content\/uploads\/2021\/05\/BG-home-new6-600x250.png 600w, https:\/\/www.salonsmariage.com\/index\/wp-content\/uploads\/2021\/05\/BG-home-new6-300x125.png 300w, https:\/\/www.salonsmariage.com\/index\/wp-content\/uploads\/2021\/05\/BG-home-new6-768x320.png 768w, https:\/\/www.salonsmariage.com\/index\/wp-content\/uploads\/2021\/05\/BG-home-new6-1536x640.png 1536w, https:\/\/www.salonsmariage.com\/index\/wp-content\/uploads\/2021\/05\/BG-home-new6.png 1920w\" sizes=\"(max-width: 800px) 100vw, 800px\">\t\t\t\t\t\t\t\t\t\t\t\t\t\t\t<\/div>\n\t\t\t\t<\/div>\n\t\t\t\t<div class=\"elementor-element elementor-element-5bc637c5 elementor-widget elementor-widget-text-editor\" data-id=\"5bc637c5\" data-element_type=\"widget\" data-e-type=\"widget\" data-widget_type=\"text-editor.default\">\n\t\t\t\t<div class=\"elementor-widget-container\">\n\t\t\t\t\t\t\t\t\t<p>Fabuleux !<br>Le salon du mariage d\u2019Avignon se tiendra les 15 &amp; 16 Novembre 2025, au Parc des expositions d\u2019Avignon. Le salon du mariage d\u2019Avignon rencontre depuis quelques ann\u00e9es un succ\u00e8s sans pr\u00e9c\u00e9dents, cette ann\u00e9e 2024, vous y retrouverez plus de 80 exposants, du jamais vu sur la ville d\u2019Avignon !&nbsp;<\/p>\n<p>Et pas moins de 3000 futurs mari\u00e9s y sont attendus chaque ann\u00e9e !<\/p>\n<p><a href=\"https:\/\/www.salonsmariage.com\/index\/salon-du-mariage-d-avignon\/\">D\u00e9couvrir ce salon :<\/a><\/p>\t\t\t\t\t\t\t\t<\/div>\n\t\t\t\t<\/div>\n\t\t\t\t\t<\/div>\n\t\t<\/div>\n\t\t\t\t\t<\/div>\n\t\t<\/section>\n\t\t\t\t<section class=\"elementor-section elementor-top-section elementor-element elementor-element-8f8c983 elementor-section-boxed elementor-section-height-default elementor-section-height-default\" data-id=\"8f8c983\" data-element_type=\"section\" data-e-type=\"section\">\n\t\t\t\t\t\t<div class=\"elementor-container elementor-column-gap-default\">\n\t\t\t\t\t<div class=\"elementor-column elementor-col-100 elementor-top-column elementor-element elementor-element-5667dfe\" data-id=\"5667dfe\" data-element_type=\"column\" data-e-type=\"column\">\n\t\t\t<div class=\"elementor-widget-wrap elementor-element-populated\">\n\t\t\t\t\t\t<div class=\"elementor-element elementor-element-24d8695 elementor-widget__width-initial elementor-fixed elementor-widget elementor-widget-button\" data-id=\"24d8695\" data-element_type=\"widget\" data-e-type=\"widget\" data-settings=\"{&quot;_position&quot;:&quot;fixed&quot;}\" data-widget_type=\"button.default\">\n\t\t\t\t<div class=\"elementor-widget-container\">\n\t\t\t\t\t\t\t\t\t<div class=\"elementor-button-wrapper\">\n\t\t\t\t\t<a class=\"elementor-button elementor-button-link elementor-size-md\" href=\"mailto:servicecom@id-organisation.com\" target=\"_blank\">\n\t\t\t\t\t\t<span class=\"elementor-button-content-wrapper\">\n\t\t\t\t\t\t<span class=\"elementor-button-icon\">\n\t\t\t\t<i aria-hidden=\"true\" class=\"fas fa-envelope\"><\/i>\t\t\t<\/span>\n\t\t\t\t\t\t\t\t<\/span>\n\t\t\t\t\t<\/a>\n\t\t\t\t<\/div>\n\t\t\t\t\t\t\t\t<\/div>\n\t\t\t\t<\/div>\n\t\t\t\t\t<\/div>\n\t\t<\/div>\n\t\t\t\t\t<\/div>\n\t\t<\/section>\n\t\t\t\t<section class=\"elementor-section elementor-top-section elementor-element elementor-element-9d6436a elementor-section-boxed elementor-section-height-default elementor-section-height-default\" data-id=\"9d6436a\" data-element_type=\"section\" data-e-type=\"section\">\n\t\t\t\t\t\t<div class=\"elementor-container elementor-column-gap-default\">\n\t\t\t\t\t<div class=\"elementor-column elementor-col-100 elementor-top-column elementor-element elementor-element-b70abed\" data-id=\"b70abed\" data-element_type=\"column\" data-e-type=\"column\">\n\t\t\t<div class=\"elementor-widget-wrap elementor-element-populated\">\n\t\t\t\t\t\t<div class=\"elementor-element elementor-element-3f88102 elementor-shape-rounded elementor-grid-0 e-grid-align-center elementor-widget elementor-widget-social-icons\" data-id=\"3f88102\" data-element_type=\"widget\" data-e-type=\"widget\" data-widget_type=\"social-icons.default\">\n\t\t\t\t<div class=\"elementor-widget-container\">\n\t\t\t\t\t\t\t<div class=\"elementor-social-icons-wrapper elementor-grid\" role=\"list\">\n\t\t\t\t\t\t\t<span class=\"elementor-grid-item\" role=\"listitem\">\n\t\t\t\t\t<a class=\"elementor-icon elementor-social-icon elementor-social-icon-facebook elementor-animation-grow elementor-repeater-item-16e274d\" href=\"https:\/\/www.facebook.com\/salonsdumariageidorganisation\" target=\"_blank\" rel=\"noopener\">\n\t\t\t\t\t\t<span class=\"elementor-screen-only\">Facebook<\/span>\n\t\t\t\t\t\t<i aria-hidden=\"true\" class=\"fab fa-facebook\"><\/i>\t\t\t\t\t<\/a>\n\t\t\t\t<\/span>\n\t\t\t\t\t\t\t<span class=\"elementor-grid-item\" role=\"listitem\">\n\t\t\t\t\t<a class=\"elementor-icon elementor-social-icon elementor-social-icon-youtube elementor-animation-grow elementor-repeater-item-c2e850d\" href=\"https:\/\/www.youtube.com\/channel\/UCWmBnW8Ci77nnZq0OvPdhBQ\" target=\"_blank\" rel=\"noopener\">\n\t\t\t\t\t\t<span class=\"elementor-screen-only\">Youtube<\/span>\n\t\t\t\t\t\t<i aria-hidden=\"true\" class=\"fab fa-youtube\"><\/i>\t\t\t\t\t<\/a>\n\t\t\t\t<\/span>\n\t\t\t\t\t\t\t<span class=\"elementor-grid-item\" role=\"listitem\">\n\t\t\t\t\t<a class=\"elementor-icon elementor-social-icon elementor-social-icon-instagram elementor-animation-grow elementor-repeater-item-fb7996a\" href=\"https:\/\/www.instagram.com\/salons_mariage_id_organisation\/\" target=\"_blank\" rel=\"noopener\">\n\t\t\t\t\t\t<span class=\"elementor-screen-only\">Instagram<\/span>\n\t\t\t\t\t\t<i aria-hidden=\"true\" class=\"fab fa-instagram\"><\/i>\t\t\t\t\t<\/a>\n\t\t\t\t<\/span>\n\t\t\t\t\t<\/div>\n\t\t\t\t\t\t<\/div>\n\t\t\t\t<\/div>\n\t\t\t\t\t<\/div>\n\t\t<\/div>\n\t\t\t\t\t<\/div>\n\t\t<\/section>\n\t\t\t\t<\/div>\n\t\t","protected":false},"excerpt":{"rendered":"<p>Salon du mariage Vaucluse SALON DU MARIAGE D&rsquo;AVIGNON 2024 Fabuleux !Le salon du mariage d\u2019Avignon se tiendra les 15 &amp; 16 Novembre 2025, au Parc des expositions d\u2019Avignon. Le salon du mariage d\u2019Avignon rencontre depuis quelques ann\u00e9es un succ\u00e8s sans pr\u00e9c\u00e9dents, cette ann\u00e9e 2024, vous y retrouverez plus de 80 exposants, du jamais vu sur [&hellip;]<\/p>\n","protected":false},"author":1,"featured_media":0,"parent":0,"menu_order":0,"comment_status":"closed","ping_status":"open","template":"elementor_header_footer","meta":{"_acf_changed":false,"footnotes":""},"class_list":["post-32","page","type-page","status-publish","hentry"],"acf":[],"_links":{"self":[{"href":"https:\/\/www.salonsmariage.com\/index\/wp-json\/wp\/v2\/pages\/32","targetHints":{"allow":["GET"]}}],"collection":[{"href":"https:\/\/www.salonsmariage.com\/index\/wp-json\/wp\/v2\/pages"}],"about":[{"href":"https:\/\/www.salonsmariage.com\/index\/wp-json\/wp\/v2\/types\/page"}],"author":[{"embeddable":true,"href":"https:\/\/www.salonsmariage.com\/index\/wp-json\/wp\/v2\/users\/1"}],"replies":[{"embeddable":true,"href":"https:\/\/www.salonsmariage.com\/index\/wp-json\/wp\/v2\/comments?post=32"}],"version-history":[{"count":0,"href":"https:\/\/www.salonsmariage.com\/index\/wp-json\/wp\/v2\/pages\/32\/revisions"}],"wp:attachment":[{"href":"https:\/\/www.salonsmariage.com\/index\/wp-json\/wp\/v2\/media?parent=32"}],"curies":[{"name":"wp","href":"https:\/\/api.w.org\/{rel}","templated":true}]}}