{"id":1634,"date":"2019-08-19T11:22:11","date_gmt":"2019-08-19T10:22:11","guid":{"rendered":"https:\/\/www.salonsmariage.com\/index\/?page_id=1634"},"modified":"2025-03-07T10:42:59","modified_gmt":"2025-03-07T09:42:59","slug":"salons-du-mariage-application-mobile","status":"publish","type":"page","link":"https:\/\/www.salonsmariage.com\/index\/salons-du-mariage-application-mobile\/","title":{"rendered":"&#x1f4f2; L&rsquo;APPLI MOBILE DES SALONS"},"content":{"rendered":"\t\t<div data-elementor-type=\"wp-page\" data-elementor-id=\"1634\" class=\"elementor elementor-1634\" data-elementor-post-type=\"page\">\n\t\t\t\t\t\t<section class=\"elementor-section elementor-top-section elementor-element elementor-element-3e6fc797 elementor-section-full_width elementor-section-height-default elementor-section-height-default\" data-id=\"3e6fc797\" data-element_type=\"section\" data-e-type=\"section\">\n\t\t\t\t\t\t<div class=\"elementor-container elementor-column-gap-default\">\n\t\t\t\t\t<div class=\"elementor-column elementor-col-100 elementor-top-column elementor-element elementor-element-72ef5fb8\" data-id=\"72ef5fb8\" data-element_type=\"column\" data-e-type=\"column\">\n\t\t\t<div class=\"elementor-widget-wrap elementor-element-populated\">\n\t\t\t\t\t\t<div class=\"elementor-element elementor-element-ae1cb99 elementor-widget elementor-widget-heading\" data-id=\"ae1cb99\" data-element_type=\"widget\" data-e-type=\"widget\" data-widget_type=\"heading.default\">\n\t\t\t\t<div class=\"elementor-widget-container\">\n\t\t\t\t\t<h2 class=\"elementor-heading-title elementor-size-default\">Retrouvez nous sur notre Appli !<\/h2>\t\t\t\t<\/div>\n\t\t\t\t<\/div>\n\t\t\t\t\t<\/div>\n\t\t<\/div>\n\t\t\t\t\t<\/div>\n\t\t<\/section>\n\t\t\t\t<section class=\"elementor-section elementor-top-section elementor-element elementor-element-b912b1a elementor-section-boxed elementor-section-height-default elementor-section-height-default\" data-id=\"b912b1a\" data-element_type=\"section\" data-e-type=\"section\">\n\t\t\t\t\t\t<div class=\"elementor-container elementor-column-gap-default\">\n\t\t\t\t\t<div class=\"elementor-column elementor-col-100 elementor-top-column elementor-element elementor-element-fbc10b6\" data-id=\"fbc10b6\" data-element_type=\"column\" data-e-type=\"column\">\n\t\t\t<div class=\"elementor-widget-wrap elementor-element-populated\">\n\t\t\t\t\t\t<div class=\"elementor-element elementor-element-514cad1 elementor-widget elementor-widget-text-editor\" data-id=\"514cad1\" data-element_type=\"widget\" data-e-type=\"widget\" data-widget_type=\"text-editor.default\">\n\t\t\t\t<div class=\"elementor-widget-container\">\n\t\t\t\t\t\t\t\t\t<p>En 2018, nous avons \u00e9t\u00e9 les premiers \u00e0 proposer une application d\u00e9di\u00e9e aux visiteurs de nos salons du mariage. Les visiteurs peuvent y retrouver toutes les informations pratiques, la liste des exposants, les d\u00e9fil\u00e9s avec des photos de chaque passage, la billetterie en ligne, et encore bien d&rsquo;autres choses qui leur seront tr\u00e8s utiles.<\/p>\t\t\t\t\t\t\t\t<\/div>\n\t\t\t\t<\/div>\n\t\t\t\t<div class=\"elementor-element elementor-element-67c7c54 elementor-widget elementor-widget-text-editor\" data-id=\"67c7c54\" data-element_type=\"widget\" data-e-type=\"widget\" data-widget_type=\"text-editor.default\">\n\t\t\t\t<div class=\"elementor-widget-container\">\n\t\t\t\t\t\t\t\t\t<p>Et cette application est \u00e9videmment <strong>GRATUITE<\/strong><\/p>\t\t\t\t\t\t\t\t<\/div>\n\t\t\t\t<\/div>\n\t\t\t\t\t<\/div>\n\t\t<\/div>\n\t\t\t\t\t<\/div>\n\t\t<\/section>\n\t\t\t\t<section class=\"elementor-section elementor-top-section elementor-element elementor-element-68f8cf5 elementor-section-boxed elementor-section-height-default elementor-section-height-default\" data-id=\"68f8cf5\" data-element_type=\"section\" data-e-type=\"section\">\n\t\t\t\t\t\t<div class=\"elementor-container elementor-column-gap-default\">\n\t\t\t\t\t<div class=\"elementor-column elementor-col-50 elementor-top-column elementor-element elementor-element-cf03a37\" data-id=\"cf03a37\" data-element_type=\"column\" data-e-type=\"column\">\n\t\t\t<div class=\"elementor-widget-wrap elementor-element-populated\">\n\t\t\t\t\t\t<div class=\"elementor-element elementor-element-2b4add1 elementor-hidden-phone elementor-widget__width-initial elementor-widget elementor-widget-image\" data-id=\"2b4add1\" data-element_type=\"widget\" data-e-type=\"widget\" data-widget_type=\"image.default\">\n\t\t\t\t<div class=\"elementor-widget-container\">\n\t\t\t\t\t\t\t\t\t\t\t\t\t\t\t<img fetchpriority=\"high\" decoding=\"async\" width=\"579\" height=\"579\" src=\"https:\/\/www.salonsmariage.com\/index\/wp-content\/uploads\/2021\/05\/Cercle-Application.jpg\" class=\"attachment-large size-large wp-image-4348\" alt=\"\" srcset=\"https:\/\/www.salonsmariage.com\/index\/wp-content\/uploads\/2021\/05\/Cercle-Application.jpg 579w, https:\/\/www.salonsmariage.com\/index\/wp-content\/uploads\/2021\/05\/Cercle-Application-300x300.jpg 300w, https:\/\/www.salonsmariage.com\/index\/wp-content\/uploads\/2021\/05\/Cercle-Application-100x100.jpg 100w, https:\/\/www.salonsmariage.com\/index\/wp-content\/uploads\/2021\/05\/Cercle-Application-150x150.jpg 150w\" sizes=\"(max-width: 579px) 100vw, 579px\">\t\t\t\t\t\t\t\t\t\t\t\t\t\t\t<\/div>\n\t\t\t\t<\/div>\n\t\t\t\t<div class=\"elementor-element elementor-element-08322f0 elementor-hidden-desktop elementor-hidden-tablet elementor-widget elementor-widget-image\" data-id=\"08322f0\" data-element_type=\"widget\" data-e-type=\"widget\" data-widget_type=\"image.default\">\n\t\t\t\t<div class=\"elementor-widget-container\">\n\t\t\t\t\t\t\t\t\t\t\t\t\t\t\t<img decoding=\"async\" width=\"579\" height=\"579\" src=\"https:\/\/www.salonsmariage.com\/index\/wp-content\/uploads\/2021\/05\/Cercle-application-Tel.jpg\" class=\"attachment-large size-large wp-image-4354\" alt=\"\" srcset=\"https:\/\/www.salonsmariage.com\/index\/wp-content\/uploads\/2021\/05\/Cercle-application-Tel.jpg 579w, https:\/\/www.salonsmariage.com\/index\/wp-content\/uploads\/2021\/05\/Cercle-application-Tel-300x300.jpg 300w, https:\/\/www.salonsmariage.com\/index\/wp-content\/uploads\/2021\/05\/Cercle-application-Tel-100x100.jpg 100w, https:\/\/www.salonsmariage.com\/index\/wp-content\/uploads\/2021\/05\/Cercle-application-Tel-150x150.jpg 150w\" sizes=\"(max-width: 579px) 100vw, 579px\">\t\t\t\t\t\t\t\t\t\t\t\t\t\t\t<\/div>\n\t\t\t\t<\/div>\n\t\t\t\t\t<\/div>\n\t\t<\/div>\n\t\t\t\t<div class=\"elementor-column elementor-col-50 elementor-top-column elementor-element elementor-element-9585846\" data-id=\"9585846\" data-element_type=\"column\" data-e-type=\"column\">\n\t\t\t<div class=\"elementor-widget-wrap elementor-element-populated\">\n\t\t\t\t\t\t<div class=\"elementor-element elementor-element-e6ba750 elementor-widget elementor-widget-text-editor\" data-id=\"e6ba750\" data-element_type=\"widget\" data-e-type=\"widget\" data-widget_type=\"text-editor.default\">\n\t\t\t\t<div class=\"elementor-widget-container\">\n\t\t\t\t\t\t\t\t\t<ul><li>Trouvez la liste des professionnels pr\u00e9sents<\/li><li>Mettez vos exposants \u00ab\u00a0CHOUCHOU\u00a0\u00bb en favori<\/li><li>Donnez-nous votre avis ainsi que vos id\u00e9es<\/li><li>Retrouvez toutes les robes et costumes du d\u00e9fil\u00e9 en photo avec les boutiques qui les proposent.<\/li><li>Suivez le tirage au sort pour tenter de gagner de nombreux cadeaux !<\/li><\/ul>\t\t\t\t\t\t\t\t<\/div>\n\t\t\t\t<\/div>\n\t\t\t\t<div class=\"elementor-element elementor-element-ad4e509 elementor-widget elementor-widget-heading\" data-id=\"ad4e509\" data-element_type=\"widget\" data-e-type=\"widget\" data-widget_type=\"heading.default\">\n\t\t\t\t<div class=\"elementor-widget-container\">\n\t\t\t\t\t<h2 class=\"elementor-heading-title elementor-size-default\">ET CELA POUR TOUS NOS SALONS !<\/h2>\t\t\t\t<\/div>\n\t\t\t\t<\/div>\n\t\t\t\t\t<\/div>\n\t\t<\/div>\n\t\t\t\t\t<\/div>\n\t\t<\/section>\n\t\t\t\t<section class=\"elementor-section elementor-top-section elementor-element elementor-element-caf6027 elementor-section-boxed elementor-section-height-default elementor-section-height-default\" data-id=\"caf6027\" data-element_type=\"section\" data-e-type=\"section\">\n\t\t\t\t\t\t<div class=\"elementor-container elementor-column-gap-default\">\n\t\t\t\t\t<div class=\"elementor-column elementor-col-100 elementor-top-column elementor-element elementor-element-0bb26ad\" data-id=\"0bb26ad\" data-element_type=\"column\" data-e-type=\"column\">\n\t\t\t<div class=\"elementor-widget-wrap elementor-element-populated\">\n\t\t\t\t\t\t<div class=\"elementor-element elementor-element-ce49101 elementor-widget elementor-widget-text-editor\" data-id=\"ce49101\" data-element_type=\"widget\" data-e-type=\"widget\" data-widget_type=\"text-editor.default\">\n\t\t\t\t<div class=\"elementor-widget-container\">\n\t\t\t\t\t\t\t\t\t<p>Pour la t\u00e9l\u00e9charger ? C&rsquo;est simple !&nbsp;<\/p><p>L&rsquo;application est disponible sur PlayStore et aussi sur l&rsquo;AppleStore :<\/p>\t\t\t\t\t\t\t\t<\/div>\n\t\t\t\t<\/div>\n\t\t\t\t\t<\/div>\n\t\t<\/div>\n\t\t\t\t\t<\/div>\n\t\t<\/section>\n\t\t\t\t<section class=\"elementor-section elementor-top-section elementor-element elementor-element-3e70fd95 elementor-section-full_width elementor-section-height-default elementor-section-height-default\" data-id=\"3e70fd95\" data-element_type=\"section\" data-e-type=\"section\">\n\t\t\t\t\t\t<div class=\"elementor-container elementor-column-gap-wider\">\n\t\t\t\t\t<div class=\"elementor-column elementor-col-20 elementor-top-column elementor-element elementor-element-19de5768 elementor-hidden-tablet\" data-id=\"19de5768\" data-element_type=\"column\" data-e-type=\"column\">\n\t\t\t<div class=\"elementor-widget-wrap\">\n\t\t\t\t\t\t\t<\/div>\n\t\t<\/div>\n\t\t\t\t<div class=\"elementor-column elementor-col-20 elementor-top-column elementor-element elementor-element-24c1a2d8 elementor-hidden-tablet\" data-id=\"24c1a2d8\" data-element_type=\"column\" data-e-type=\"column\">\n\t\t\t<div class=\"elementor-widget-wrap\">\n\t\t\t\t\t\t\t<\/div>\n\t\t<\/div>\n\t\t\t\t<div class=\"elementor-column elementor-col-20 elementor-top-column elementor-element elementor-element-676ad912\" data-id=\"676ad912\" data-element_type=\"column\" data-e-type=\"column\">\n\t\t\t<div class=\"elementor-widget-wrap elementor-element-populated\">\n\t\t\t\t\t\t<section class=\"elementor-section elementor-inner-section elementor-element elementor-element-4ff9c59f elementor-section-height-min-height elementor-section-boxed elementor-section-height-default\" data-id=\"4ff9c59f\" data-element_type=\"section\" data-e-type=\"section\">\n\t\t\t\t\t\t<div class=\"elementor-container elementor-column-gap-default\">\n\t\t\t\t\t<div class=\"elementor-column elementor-col-100 elementor-inner-column elementor-element elementor-element-7d9c3bda\" data-id=\"7d9c3bda\" data-element_type=\"column\" data-e-type=\"column\" data-settings=\"{&quot;background_background&quot;:&quot;classic&quot;}\">\n\t\t\t<div class=\"elementor-widget-wrap elementor-element-populated\">\n\t\t\t\t\t\t<div class=\"elementor-element elementor-element-07e4d43 elementor-widget elementor-widget-heading\" data-id=\"07e4d43\" data-element_type=\"widget\" data-e-type=\"widget\" data-widget_type=\"heading.default\">\n\t\t\t\t<div class=\"elementor-widget-container\">\n\t\t\t\t\t<h2 class=\"elementor-heading-title elementor-size-default\">Retrouvez notre appli ici !<\/h2>\t\t\t\t<\/div>\n\t\t\t\t<\/div>\n\t\t\t\t<div class=\"elementor-element elementor-element-073564b elementor-widget elementor-widget-image\" data-id=\"073564b\" data-element_type=\"widget\" data-e-type=\"widget\" data-widget_type=\"image.default\">\n\t\t\t\t<div class=\"elementor-widget-container\">\n\t\t\t\t\t\t\t\t\t\t\t\t\t\t\t\t<a href=\"https:\/\/apps.apple.com\/fr\/app\/salons-du-mariage-du-sud-est\/id1433646237\" target=\"_blank\" rel=\"noopener\">\n\t\t\t\t\t\t\t<img decoding=\"async\" width=\"231\" height=\"72\" src=\"https:\/\/www.salonsmariage.com\/index\/wp-content\/uploads\/2011\/03\/telecharger-app-store.jpg\" class=\"attachment-large size-large wp-image-1581\" alt=\"\" srcset=\"https:\/\/www.salonsmariage.com\/index\/wp-content\/uploads\/2011\/03\/telecharger-app-store.jpg 231w, https:\/\/www.salonsmariage.com\/index\/wp-content\/uploads\/2011\/03\/telecharger-app-store-200x62.jpg 200w\" sizes=\"(max-width: 231px) 100vw, 231px\">\t\t\t\t\t\t\t\t<\/a>\n\t\t\t\t\t\t\t\t\t\t\t\t\t\t\t<\/div>\n\t\t\t\t<\/div>\n\t\t\t\t<div class=\"elementor-element elementor-element-f6b066d elementor-widget elementor-widget-image\" data-id=\"f6b066d\" data-element_type=\"widget\" data-e-type=\"widget\" data-widget_type=\"image.default\">\n\t\t\t\t<div class=\"elementor-widget-container\">\n\t\t\t\t\t\t\t\t\t\t\t\t\t\t\t\t<a href=\"https:\/\/play.google.com\/store\/apps\/details?id=appyness.salonsmariage\" target=\"_blank\" rel=\"noopener\">\n\t\t\t\t\t\t\t<img loading=\"lazy\" decoding=\"async\" width=\"231\" height=\"72\" src=\"https:\/\/www.salonsmariage.com\/index\/wp-content\/uploads\/2011\/03\/dispo-sur-google-play.jpg\" class=\"attachment-large size-large wp-image-1580\" alt=\"\" srcset=\"https:\/\/www.salonsmariage.com\/index\/wp-content\/uploads\/2011\/03\/dispo-sur-google-play.jpg 231w, https:\/\/www.salonsmariage.com\/index\/wp-content\/uploads\/2011\/03\/dispo-sur-google-play-200x62.jpg 200w\" sizes=\"(max-width: 231px) 100vw, 231px\">\t\t\t\t\t\t\t\t<\/a>\n\t\t\t\t\t\t\t\t\t\t\t\t\t\t\t<\/div>\n\t\t\t\t<\/div>\n\t\t\t\t\t<\/div>\n\t\t<\/div>\n\t\t\t\t\t<\/div>\n\t\t<\/section>\n\t\t\t\t\t<\/div>\n\t\t<\/div>\n\t\t\t\t<div class=\"elementor-column elementor-col-20 elementor-top-column elementor-element elementor-element-1f9cc8ad elementor-hidden-tablet\" data-id=\"1f9cc8ad\" data-element_type=\"column\" data-e-type=\"column\">\n\t\t\t<div class=\"elementor-widget-wrap\">\n\t\t\t\t\t\t\t<\/div>\n\t\t<\/div>\n\t\t\t\t<div class=\"elementor-column elementor-col-20 elementor-top-column elementor-element elementor-element-667b1689 elementor-hidden-tablet\" data-id=\"667b1689\" data-element_type=\"column\" data-e-type=\"column\">\n\t\t\t<div class=\"elementor-widget-wrap\">\n\t\t\t\t\t\t\t<\/div>\n\t\t<\/div>\n\t\t\t\t\t<\/div>\n\t\t<\/section>\n\t\t\t\t<section class=\"elementor-section elementor-top-section elementor-element elementor-element-498102d elementor-section-boxed elementor-section-height-default elementor-section-height-default\" data-id=\"498102d\" data-element_type=\"section\" data-e-type=\"section\">\n\t\t\t\t\t\t<div class=\"elementor-container elementor-column-gap-default\">\n\t\t\t\t\t<div class=\"elementor-column elementor-col-100 elementor-top-column elementor-element elementor-element-d6ee7ff\" data-id=\"d6ee7ff\" data-element_type=\"column\" data-e-type=\"column\">\n\t\t\t<div class=\"elementor-widget-wrap elementor-element-populated\">\n\t\t\t\t\t\t<div class=\"elementor-element elementor-element-e24ba66 elementor-widget__width-initial elementor-fixed elementor-widget elementor-widget-button\" data-id=\"e24ba66\" data-element_type=\"widget\" data-e-type=\"widget\" data-settings=\"{&quot;_position&quot;:&quot;fixed&quot;}\" data-widget_type=\"button.default\">\n\t\t\t\t<div class=\"elementor-widget-container\">\n\t\t\t\t\t\t\t\t\t<div class=\"elementor-button-wrapper\">\n\t\t\t\t\t<a class=\"elementor-button elementor-button-link elementor-size-md\" href=\"mailto:commerce@id-organisation.com,claire@id-organisation.com\" target=\"_blank\">\n\t\t\t\t\t\t<span class=\"elementor-button-content-wrapper\">\n\t\t\t\t\t\t<span class=\"elementor-button-icon\">\n\t\t\t\t<i aria-hidden=\"true\" class=\"fas fa-envelope\"><\/i>\t\t\t<\/span>\n\t\t\t\t\t\t\t\t<\/span>\n\t\t\t\t\t<\/a>\n\t\t\t\t<\/div>\n\t\t\t\t\t\t\t\t<\/div>\n\t\t\t\t<\/div>\n\t\t\t\t\t<\/div>\n\t\t<\/div>\n\t\t\t\t\t<\/div>\n\t\t<\/section>\n\t\t\t\t<\/div>\n\t\t","protected":false},"excerpt":{"rendered":"<p>Retrouvez nous sur notre Appli ! En 2018, nous avons \u00e9t\u00e9 les premiers \u00e0 proposer une application d\u00e9di\u00e9e aux visiteurs de nos salons du mariage. Les visiteurs peuvent y retrouver toutes les informations pratiques, la liste des exposants, les d\u00e9fil\u00e9s avec des photos de chaque passage, la billetterie en ligne, et encore bien d&rsquo;autres choses [&hellip;]<\/p>\n","protected":false},"author":1,"featured_media":0,"parent":0,"menu_order":0,"comment_status":"closed","ping_status":"closed","template":"","meta":{"_acf_changed":false,"footnotes":""},"class_list":["post-1634","page","type-page","status-publish","hentry"],"acf":[],"_links":{"self":[{"href":"https:\/\/www.salonsmariage.com\/index\/wp-json\/wp\/v2\/pages\/1634","targetHints":{"allow":["GET"]}}],"collection":[{"href":"https:\/\/www.salonsmariage.com\/index\/wp-json\/wp\/v2\/pages"}],"about":[{"href":"https:\/\/www.salonsmariage.com\/index\/wp-json\/wp\/v2\/types\/page"}],"author":[{"embeddable":true,"href":"https:\/\/www.salonsmariage.com\/index\/wp-json\/wp\/v2\/users\/1"}],"replies":[{"embeddable":true,"href":"https:\/\/www.salonsmariage.com\/index\/wp-json\/wp\/v2\/comments?post=1634"}],"version-history":[{"count":0,"href":"https:\/\/www.salonsmariage.com\/index\/wp-json\/wp\/v2\/pages\/1634\/revisions"}],"wp:attachment":[{"href":"https:\/\/www.salonsmariage.com\/index\/wp-json\/wp\/v2\/media?parent=1634"}],"curies":[{"name":"wp","href":"https:\/\/api.w.org\/{rel}","templated":true}]}}