{"id":14,"date":"2011-03-07T19:56:22","date_gmt":"2011-03-07T18:56:22","guid":{"rendered":"https:\/\/www.salonsmariage.com\/index\/?page_id=14"},"modified":"2025-03-14T14:50:26","modified_gmt":"2025-03-14T13:50:26","slug":"salons-du-mariage-drome","status":"publish","type":"page","link":"https:\/\/www.salonsmariage.com\/index\/salons-du-mariage-drome\/","title":{"rendered":"DROME"},"content":{"rendered":"\t\t<div data-elementor-type=\"wp-page\" data-elementor-id=\"14\" class=\"elementor elementor-14\" data-elementor-post-type=\"page\">\n\t\t\t\t\t\t<section class=\"elementor-section elementor-top-section elementor-element elementor-element-4470a13 elementor-section-boxed elementor-section-height-default elementor-section-height-default\" data-id=\"4470a13\" data-element_type=\"section\" data-e-type=\"section\">\n\t\t\t\t\t\t<div class=\"elementor-container elementor-column-gap-default\">\n\t\t\t\t\t<div class=\"elementor-column elementor-col-100 elementor-top-column elementor-element elementor-element-9bf3ca4\" data-id=\"9bf3ca4\" data-element_type=\"column\" data-e-type=\"column\">\n\t\t\t<div class=\"elementor-widget-wrap elementor-element-populated\">\n\t\t\t\t\t\t<div class=\"elementor-element elementor-element-9fa33c8 elementor-widget elementor-widget-heading\" data-id=\"9fa33c8\" data-element_type=\"widget\" data-e-type=\"widget\" data-widget_type=\"heading.default\">\n\t\t\t\t<div class=\"elementor-widget-container\">\n\t\t\t\t\t<h2 class=\"elementor-heading-title elementor-size-default\"><a href=\"https:\/\/www.salonsmariage.com\/index\/salon-du-mariage-de-cannes\/\">Salons du Mariage DROME<\/a><\/h2>\t\t\t\t<\/div>\n\t\t\t\t<\/div>\n\t\t\t\t\t<\/div>\n\t\t<\/div>\n\t\t\t\t\t<\/div>\n\t\t<\/section>\n\t\t\t\t<section class=\"elementor-section elementor-top-section elementor-element elementor-element-1707e106 elementor-section-boxed elementor-section-height-default elementor-section-height-default\" data-id=\"1707e106\" data-element_type=\"section\" data-e-type=\"section\">\n\t\t\t\t\t\t<div class=\"elementor-container elementor-column-gap-default\">\n\t\t\t\t\t<div class=\"elementor-column elementor-col-50 elementor-top-column elementor-element elementor-element-42497b49\" data-id=\"42497b49\" data-element_type=\"column\" data-e-type=\"column\">\n\t\t\t<div class=\"elementor-widget-wrap elementor-element-populated\">\n\t\t\t\t\t\t<div class=\"elementor-element elementor-element-b15fd07 elementor-widget elementor-widget-heading\" data-id=\"b15fd07\" data-element_type=\"widget\" data-e-type=\"widget\" data-widget_type=\"heading.default\">\n\t\t\t\t<div class=\"elementor-widget-container\">\n\t\t\t\t\t<h2 class=\"elementor-heading-title elementor-size-default\"><a href=\"https:\/\/www.salonsmariage.com\/index\/salon-du-mariage-de-valence\/\">SALON DU MARIAGE DE VALENCE 2024<\/a><\/h2>\t\t\t\t<\/div>\n\t\t\t\t<\/div>\n\t\t\t\t<div class=\"elementor-element elementor-element-42197ebc elementor-widget__width-auto elementor-widget elementor-widget-image\" data-id=\"42197ebc\" data-element_type=\"widget\" data-e-type=\"widget\" data-settings=\"{&quot;motion_fx_translateY_effect&quot;:&quot;yes&quot;,&quot;motion_fx_translateY_direction&quot;:&quot;negative&quot;,&quot;motion_fx_translateY_speed&quot;:{&quot;unit&quot;:&quot;px&quot;,&quot;size&quot;:&quot;1&quot;,&quot;sizes&quot;:[]},&quot;motion_fx_motion_fx_scrolling&quot;:&quot;yes&quot;,&quot;motion_fx_translateY_affectedRange&quot;:{&quot;unit&quot;:&quot;%&quot;,&quot;size&quot;:&quot;&quot;,&quot;sizes&quot;:{&quot;start&quot;:0,&quot;end&quot;:100}},&quot;motion_fx_devices&quot;:[&quot;desktop&quot;,&quot;tablet&quot;,&quot;mobile&quot;]}\" data-widget_type=\"image.default\">\n\t\t\t\t<div class=\"elementor-widget-container\">\n\t\t\t\t\t\t\t\t\t\t\t\t\t\t\t\t<a href=\"https:\/\/www.salonsmariage.com\/index\/salon-du-mariage-de-valence\/\">\n\t\t\t\t\t\t\t<img fetchpriority=\"high\" decoding=\"async\" width=\"2560\" height=\"1440\" src=\"https:\/\/www.salonsmariage.com\/index\/wp-content\/uploads\/2021\/05\/2-Mariees.jpg\" class=\"attachment-full size-full wp-image-3883\" alt=\"Salons du Mariage DROME\" srcset=\"https:\/\/www.salonsmariage.com\/index\/wp-content\/uploads\/2021\/05\/2-Mariees.jpg 2560w, https:\/\/www.salonsmariage.com\/index\/wp-content\/uploads\/2021\/05\/2-Mariees-600x338.jpg 600w, https:\/\/www.salonsmariage.com\/index\/wp-content\/uploads\/2021\/05\/2-Mariees-300x169.jpg 300w, https:\/\/www.salonsmariage.com\/index\/wp-content\/uploads\/2021\/05\/2-Mariees-1024x576.jpg 1024w, https:\/\/www.salonsmariage.com\/index\/wp-content\/uploads\/2021\/05\/2-Mariees-768x432.jpg 768w, https:\/\/www.salonsmariage.com\/index\/wp-content\/uploads\/2021\/05\/2-Mariees-1536x864.jpg 1536w, https:\/\/www.salonsmariage.com\/index\/wp-content\/uploads\/2021\/05\/2-Mariees-2048x1152.jpg 2048w\" sizes=\"(max-width: 2560px) 100vw, 2560px\" \/>\t\t\t\t\t\t\t\t<\/a>\n\t\t\t\t\t\t\t\t\t\t\t\t\t\t\t<\/div>\n\t\t\t\t<\/div>\n\t\t\t\t\t<\/div>\n\t\t<\/div>\n\t\t\t\t<div class=\"elementor-column elementor-col-50 elementor-top-column elementor-element elementor-element-fc0c6c7\" data-id=\"fc0c6c7\" data-element_type=\"column\" data-e-type=\"column\">\n\t\t\t<div class=\"elementor-widget-wrap elementor-element-populated\">\n\t\t\t\t\t\t<div class=\"elementor-element elementor-element-63656450 elementor-widget elementor-widget-image\" data-id=\"63656450\" data-element_type=\"widget\" data-e-type=\"widget\" data-widget_type=\"image.default\">\n\t\t\t\t<div class=\"elementor-widget-container\">\n\t\t\t\t\t\t\t\t\t\t\t\t\t\t\t<img decoding=\"async\" width=\"800\" height=\"334\" src=\"https:\/\/www.salonsmariage.com\/index\/wp-content\/uploads\/2021\/05\/BG-home-new6-1024x427.png\" class=\"attachment-large size-large wp-image-3485\" alt=\"\" srcset=\"https:\/\/www.salonsmariage.com\/index\/wp-content\/uploads\/2021\/05\/BG-home-new6-1024x427.png 1024w, https:\/\/www.salonsmariage.com\/index\/wp-content\/uploads\/2021\/05\/BG-home-new6-600x250.png 600w, https:\/\/www.salonsmariage.com\/index\/wp-content\/uploads\/2021\/05\/BG-home-new6-300x125.png 300w, https:\/\/www.salonsmariage.com\/index\/wp-content\/uploads\/2021\/05\/BG-home-new6-768x320.png 768w, https:\/\/www.salonsmariage.com\/index\/wp-content\/uploads\/2021\/05\/BG-home-new6-1536x640.png 1536w, https:\/\/www.salonsmariage.com\/index\/wp-content\/uploads\/2021\/05\/BG-home-new6.png 1920w\" sizes=\"(max-width: 800px) 100vw, 800px\">\t\t\t\t\t\t\t\t\t\t\t\t\t\t\t<\/div>\n\t\t\t\t<\/div>\n\t\t\t\t<div class=\"elementor-element elementor-element-4d70834a elementor-widget elementor-widget-text-editor\" data-id=\"4d70834a\" data-element_type=\"widget\" data-e-type=\"widget\" data-widget_type=\"text-editor.default\">\n\t\t\t\t<div class=\"elementor-widget-container\">\n\t\t\t\t\t\t\t\t\t<p>Le salon du mariage de Valence aura lieu les 4 &amp; 5&nbsp; Octobre 2025, au Palais des congr\u00e8s et des expositions \u00e0 Valence .<\/p>\n<p>Le salon du mariage de Valence, c\u2019est LE plus gros salon du mariage de Dr\u00f4me Ard\u00e8che ! Ce salon a su s\u2019imposer d\u00e8s sa premi\u00e8re ann\u00e9e comme le salon incontournable de la r\u00e9gion avec plus de 70 exposants venus de Valence m\u00eame, mais aussi de Mont\u00e9limar, Le Teil, Crest, Guilherand-Granges, Romans-sur-Is\u00e8re, Annonay, Tournon etc\u2026&nbsp;<\/p>\n<p>Pour plus de d\u00e9tails la page du <a href=\"https:\/\/www.salonsmariage.com\/index\/salon-du-mariage-de-valence\/\">salon du mariage de Valence :<\/a><\/p>\t\t\t\t\t\t\t\t<\/div>\n\t\t\t\t<\/div>\n\t\t\t\t\t<\/div>\n\t\t<\/div>\n\t\t\t\t\t<\/div>\n\t\t<\/section>\n\t\t\t\t<section class=\"elementor-section elementor-top-section elementor-element elementor-element-2a4d4b1 elementor-section-boxed elementor-section-height-default elementor-section-height-default\" data-id=\"2a4d4b1\" data-element_type=\"section\" data-e-type=\"section\">\n\t\t\t\t\t\t<div class=\"elementor-container elementor-column-gap-default\">\n\t\t\t\t\t<div class=\"elementor-column elementor-col-100 elementor-top-column elementor-element elementor-element-7ae8ec4\" data-id=\"7ae8ec4\" data-element_type=\"column\" data-e-type=\"column\">\n\t\t\t<div class=\"elementor-widget-wrap elementor-element-populated\">\n\t\t\t\t\t\t<div class=\"elementor-element elementor-element-c4bf9c5 elementor-widget__width-initial elementor-fixed elementor-widget elementor-widget-button\" data-id=\"c4bf9c5\" data-element_type=\"widget\" data-e-type=\"widget\" data-settings=\"{&quot;_position&quot;:&quot;fixed&quot;}\" data-widget_type=\"button.default\">\n\t\t\t\t<div class=\"elementor-widget-container\">\n\t\t\t\t\t\t\t\t\t<div class=\"elementor-button-wrapper\">\n\t\t\t\t\t<a class=\"elementor-button elementor-button-link elementor-size-md\" href=\"mailto:servicecom@id-organisation.com\" target=\"_blank\">\n\t\t\t\t\t\t<span class=\"elementor-button-content-wrapper\">\n\t\t\t\t\t\t<span class=\"elementor-button-icon\">\n\t\t\t\t<i aria-hidden=\"true\" class=\"fas fa-envelope\"><\/i>\t\t\t<\/span>\n\t\t\t\t\t\t\t\t<\/span>\n\t\t\t\t\t<\/a>\n\t\t\t\t<\/div>\n\t\t\t\t\t\t\t\t<\/div>\n\t\t\t\t<\/div>\n\t\t\t\t\t<\/div>\n\t\t<\/div>\n\t\t\t\t\t<\/div>\n\t\t<\/section>\n\t\t\t\t<section class=\"elementor-section elementor-top-section elementor-element elementor-element-911ecf9 elementor-section-boxed elementor-section-height-default elementor-section-height-default\" data-id=\"911ecf9\" data-element_type=\"section\" data-e-type=\"section\">\n\t\t\t\t\t\t<div class=\"elementor-container elementor-column-gap-default\">\n\t\t\t\t\t<div class=\"elementor-column elementor-col-100 elementor-top-column elementor-element elementor-element-79a8a72\" data-id=\"79a8a72\" data-element_type=\"column\" data-e-type=\"column\">\n\t\t\t<div class=\"elementor-widget-wrap elementor-element-populated\">\n\t\t\t\t\t\t<div class=\"elementor-element elementor-element-045128b elementor-align-center elementor-widget elementor-widget-button\" data-id=\"045128b\" data-element_type=\"widget\" data-e-type=\"widget\" data-widget_type=\"button.default\">\n\t\t\t\t<div class=\"elementor-widget-container\">\n\t\t\t\t\t\t\t\t\t<div class=\"elementor-button-wrapper\">\n\t\t\t\t\t<a class=\"elementor-button elementor-button-link elementor-size-sm\" href=\"https:\/\/www.salonsmariage.com\/index\/contact\/\">\n\t\t\t\t\t\t<span class=\"elementor-button-content-wrapper\">\n\t\t\t\t\t\t\t\t\t<span class=\"elementor-button-text\">Contact<\/span>\n\t\t\t\t\t<\/span>\n\t\t\t\t\t<\/a>\n\t\t\t\t<\/div>\n\t\t\t\t\t\t\t\t<\/div>\n\t\t\t\t<\/div>\n\t\t\t\t\t<\/div>\n\t\t<\/div>\n\t\t\t\t\t<\/div>\n\t\t<\/section>\n\t\t\t\t<section class=\"elementor-section elementor-top-section elementor-element elementor-element-e905351 elementor-section-boxed elementor-section-height-default elementor-section-height-default\" data-id=\"e905351\" data-element_type=\"section\" data-e-type=\"section\">\n\t\t\t\t\t\t<div class=\"elementor-container elementor-column-gap-default\">\n\t\t\t\t\t<div class=\"elementor-column elementor-col-100 elementor-top-column elementor-element elementor-element-fa04e02\" data-id=\"fa04e02\" data-element_type=\"column\" data-e-type=\"column\">\n\t\t\t<div class=\"elementor-widget-wrap elementor-element-populated\">\n\t\t\t\t\t\t<div class=\"elementor-element elementor-element-875d6f2 elementor-shape-rounded elementor-grid-0 e-grid-align-center elementor-widget elementor-widget-social-icons\" data-id=\"875d6f2\" data-element_type=\"widget\" data-e-type=\"widget\" data-widget_type=\"social-icons.default\">\n\t\t\t\t<div class=\"elementor-widget-container\">\n\t\t\t\t\t\t\t<div class=\"elementor-social-icons-wrapper elementor-grid\" role=\"list\">\n\t\t\t\t\t\t\t<span class=\"elementor-grid-item\" role=\"listitem\">\n\t\t\t\t\t<a class=\"elementor-icon elementor-social-icon elementor-social-icon-facebook elementor-animation-grow elementor-repeater-item-16e274d\" href=\"https:\/\/www.facebook.com\/salonsdumariageidorganisation\" target=\"_blank\" rel=\"noopener\">\n\t\t\t\t\t\t<span class=\"elementor-screen-only\">Facebook<\/span>\n\t\t\t\t\t\t<i aria-hidden=\"true\" class=\"fab fa-facebook\"><\/i>\t\t\t\t\t<\/a>\n\t\t\t\t<\/span>\n\t\t\t\t\t\t\t<span class=\"elementor-grid-item\" role=\"listitem\">\n\t\t\t\t\t<a class=\"elementor-icon elementor-social-icon elementor-social-icon-youtube elementor-animation-grow elementor-repeater-item-c2e850d\" href=\"https:\/\/www.youtube.com\/channel\/UCWmBnW8Ci77nnZq0OvPdhBQ\" target=\"_blank\" rel=\"noopener\">\n\t\t\t\t\t\t<span class=\"elementor-screen-only\">Youtube<\/span>\n\t\t\t\t\t\t<i aria-hidden=\"true\" class=\"fab fa-youtube\"><\/i>\t\t\t\t\t<\/a>\n\t\t\t\t<\/span>\n\t\t\t\t\t\t\t<span class=\"elementor-grid-item\" role=\"listitem\">\n\t\t\t\t\t<a class=\"elementor-icon elementor-social-icon elementor-social-icon-instagram elementor-animation-grow elementor-repeater-item-fb7996a\" href=\"https:\/\/www.instagram.com\/salons_mariage_id_organisation\/\" target=\"_blank\" rel=\"noopener\">\n\t\t\t\t\t\t<span class=\"elementor-screen-only\">Instagram<\/span>\n\t\t\t\t\t\t<i aria-hidden=\"true\" class=\"fab fa-instagram\"><\/i>\t\t\t\t\t<\/a>\n\t\t\t\t<\/span>\n\t\t\t\t\t<\/div>\n\t\t\t\t\t\t<\/div>\n\t\t\t\t<\/div>\n\t\t\t\t\t<\/div>\n\t\t<\/div>\n\t\t\t\t\t<\/div>\n\t\t<\/section>\n\t\t\t\t<\/div>\n\t\t","protected":false},"excerpt":{"rendered":"<p>Salons du Mariage DROME SALON DU MARIAGE DE VALENCE 2024 Le salon du mariage de Valence aura lieu les 4 &amp; 5&nbsp; Octobre 2025, au Palais des congr\u00e8s et des expositions \u00e0 Valence . Le salon du mariage de Valence, c\u2019est LE plus gros salon du mariage de Dr\u00f4me Ard\u00e8che ! Ce salon a su [&hellip;]<\/p>\n","protected":false},"author":1,"featured_media":0,"parent":0,"menu_order":0,"comment_status":"closed","ping_status":"open","template":"elementor_header_footer","meta":{"_acf_changed":false,"footnotes":""},"class_list":["post-14","page","type-page","status-publish","hentry"],"acf":[],"_links":{"self":[{"href":"https:\/\/www.salonsmariage.com\/index\/wp-json\/wp\/v2\/pages\/14","targetHints":{"allow":["GET"]}}],"collection":[{"href":"https:\/\/www.salonsmariage.com\/index\/wp-json\/wp\/v2\/pages"}],"about":[{"href":"https:\/\/www.salonsmariage.com\/index\/wp-json\/wp\/v2\/types\/page"}],"author":[{"embeddable":true,"href":"https:\/\/www.salonsmariage.com\/index\/wp-json\/wp\/v2\/users\/1"}],"replies":[{"embeddable":true,"href":"https:\/\/www.salonsmariage.com\/index\/wp-json\/wp\/v2\/comments?post=14"}],"version-history":[{"count":0,"href":"https:\/\/www.salonsmariage.com\/index\/wp-json\/wp\/v2\/pages\/14\/revisions"}],"wp:attachment":[{"href":"https:\/\/www.salonsmariage.com\/index\/wp-json\/wp\/v2\/media?parent=14"}],"curies":[{"name":"wp","href":"https:\/\/api.w.org\/{rel}","templated":true}]}}