{"id":1162,"date":"2017-09-22T17:16:27","date_gmt":"2017-09-22T16:16:27","guid":{"rendered":"https:\/\/www.salonsmariage.com\/index\/?page_id=1162"},"modified":"2017-09-22T17:16:27","modified_gmt":"2017-09-22T16:16:27","slug":"mentions_legales","status":"publish","type":"page","link":"https:\/\/www.salonsmariage.com\/index\/mentions_legales\/","title":{"rendered":"mentions_legales"},"content":{"rendered":"<p>[one_full last=\u00a0\u00bbyes\u00a0\u00bb spacing=\u00a0\u00bbyes\u00a0\u00bb center_content=\u00a0\u00bbno\u00a0\u00bb hide_on_mobile=\u00a0\u00bbno\u00a0\u00bb background_color=\u00a0\u00bb\u00a0\u00bb background_image=\u00a0\u00bb\u00a0\u00bb background_repeat=\u00a0\u00bbno-repeat\u00a0\u00bb background_position=\u00a0\u00bbleft top\u00a0\u00bb hover_type=\u00a0\u00bbnone\u00a0\u00bb link=\u00a0\u00bb\u00a0\u00bb border_position=\u00a0\u00bball\u00a0\u00bb border_size=\u00a0\u00bb0px\u00a0\u00bb border_color=\u00a0\u00bb\u00a0\u00bb border_style=\u00a0\u00bb\u00a0\u00bb padding=\u00a0\u00bb\u00a0\u00bb margin_top=\u00a0\u00bb\u00a0\u00bb margin_bottom=\u00a0\u00bb\u00a0\u00bb animation_type=\u00a0\u00bb\u00a0\u00bb animation_direction=\u00a0\u00bb\u00a0\u00bb animation_speed=\u00a0\u00bb0.1&Prime; animation_offset=\u00a0\u00bb\u00a0\u00bb class=\u00a0\u00bb\u00a0\u00bb id=\u00a0\u00bb\u00a0\u00bb][fusion_text]<\/p>\n<h1><span style=\"color: #dd2f5f;\">salonsmariage.com<\/span><\/h1>\n<p>est un site de la SARL ID ORGANISATION<\/p>\n<p>RCS Avignon 502 870 298<\/p>\n<p>Code APE : 8230 Z<\/p>\n<p>Si\u00e8ge social : 1017 route du Thor &#8211; 84800 L&rsquo;isle sur la Sorgue &#8211; France<\/p>\n<p>Directeur de la publication : Philippe STEED &#8211; 0490949013<\/p>\n<p>H\u00e9bergeur :\u00a0OVH -2 rue Kellermann &#8211; 59100 Roubaix &#8211; France<\/p>\n<p>[\/fusion_text][\/one_full][separator style_type=\u00a0\u00bbsingle\u00a0\u00bb top_margin=\u00a0\u00bb10&Prime; bottom_margin=\u00a0\u00bb50&Prime; sep_color=\u00a0\u00bb#dd2f5f\u00a0\u00bb border_size=\u00a0\u00bb\u00a0\u00bb icon=\u00a0\u00bbfa-chevron-up\u00a0\u00bb icon_circle=\u00a0\u00bbyes\u00a0\u00bb icon_circle_color=\u00a0\u00bb\u00a0\u00bb width=\u00a0\u00bb50%\u00a0\u00bb alignment=\u00a0\u00bbcenter\u00a0\u00bb class=\u00a0\u00bb\u00a0\u00bb id=\u00a0\u00bb\u00a0\u00bb][fusion_text]<\/p>\n<h3><span style=\"color: #000000;\"><span style=\"color: #dd2f5f;\">Conditions d&rsquo;utilisation du site Internet www.salonsmariage.com<\/span><\/span><\/h3>\n<p>Le contenu int\u00e9gral (textes, photos, logos, ic\u00f4nes, infographies , &#8230;) est prot\u00e9g\u00e9 au titre de la l\u00e9gislation internationale de la propri\u00e9t\u00e9 intellectuelle.<\/p>\n<p>Le continu du site salonsmariage.com est la propri\u00e9t\u00e9 d&rsquo;ID ORGANISATION ou d&rsquo;entreprises partenaires.<\/p>\n<p>Toute utilisation, repr\u00e9sentation ou reproduction, par quelque proc\u00e9d\u00e9 que ce soit, et sur quelque support que ce soit est interdite sans le consentement \u00e9crit d&rsquo;ID ORGANISATION.[\/fusion_text][separator style_type=\u00a0\u00bbsingle\u00a0\u00bb top_margin=\u00a0\u00bb10&Prime; bottom_margin=\u00a0\u00bb50&Prime; sep_color=\u00a0\u00bb#dd2f5f\u00a0\u00bb border_size=\u00a0\u00bb\u00a0\u00bb icon=\u00a0\u00bbfa-chevron-up\u00a0\u00bb icon_circle=\u00a0\u00bbyes\u00a0\u00bb icon_circle_color=\u00a0\u00bb\u00a0\u00bb width=\u00a0\u00bb50%\u00a0\u00bb alignment=\u00a0\u00bbcenter\u00a0\u00bb class=\u00a0\u00bb\u00a0\u00bb id=\u00a0\u00bb\u00a0\u00bb][fusion_text]<\/p>\n<h3><span style=\"color: #dd2f5f;\">Donn\u00e9es personnelles<\/span><\/h3>\n<p>La navigation sur le site Internet se fait pour le visiteur sans besoin de s&rsquo;identifier ni de fournir des informations personnelles.<\/p>\n<p>Dans certains cas il est demand\u00e9 aux visiteurs de renseigner certaines informations personnelles. Par exemple lorsque un visiteur professionnel souhaite \u00eatre contact\u00e9 par notre service commercial ou encore lorsqu&rsquo;un visiteur sollicite une invitation 1 entr\u00e9e achet\u00e9e = 1 entr\u00e9e offerte.<\/p>\n<p>ID ORGANISATION op\u00e8re un traitement informatique des informations personnelle fournies volontairement par les visiteurs du site salonsmariage.com<\/p>\n<p>Les informations personnelles fournies pour le demande d&rsquo;invitation sont collect\u00e9es et trait\u00e9es dans un fichier d\u00e9clar\u00e9 \u00e0 la CNIL sous le num\u00e9ro 1990291 v 0.<\/p>\n<p>En saisissant ses informations personnelles le visiteur accepte express\u00e9ment donner son accord pour \u00eatre contact\u00e9 \u00e0 des fins commerciales par ID ORGANISATION SARL ou ses partenaires.<\/p>\n<p>Conform\u00e9ment \u00e0 la loi informatique est Libert\u00e9s du 6 janvier 1978, les visiteurs disposent d&rsquo;un droit d&rsquo;acc\u00e8s et de rectification aux donn\u00e9es personnelles le concernant. Tout visiteur ayant saisi des informations personnelles peut exercer ce droit en \u00e9crivant \u00a0au service support par email : contact@id-organisation.com[\/fusion_text]<\/p>\n","protected":false},"excerpt":{"rendered":"<p>[one_full last=\u00a0\u00bbyes\u00a0\u00bb spacing=\u00a0\u00bbyes\u00a0\u00bb center_content=\u00a0\u00bbno\u00a0\u00bb hide_on_mobile=\u00a0\u00bbno\u00a0\u00bb background_color=\u00a0\u00bb\u00a0\u00bb background_image=\u00a0\u00bb\u00a0\u00bb background_repeat=\u00a0\u00bbno-repeat\u00a0\u00bb background_position=\u00a0\u00bbleft top\u00a0\u00bb hover_type=\u00a0\u00bbnone\u00a0\u00bb link=\u00a0\u00bb\u00a0\u00bb border_position=\u00a0\u00bball\u00a0\u00bb border_size=\u00a0\u00bb0px\u00a0\u00bb border_color=\u00a0\u00bb\u00a0\u00bb border_style=\u00a0\u00bb\u00a0\u00bb padding=\u00a0\u00bb\u00a0\u00bb margin_top=\u00a0\u00bb\u00a0\u00bb margin_bottom=\u00a0\u00bb\u00a0\u00bb animation_type=\u00a0\u00bb\u00a0\u00bb animation_direction=\u00a0\u00bb\u00a0\u00bb animation_speed=\u00a0\u00bb0.1&Prime; animation_offset=\u00a0\u00bb\u00a0\u00bb class=\u00a0\u00bb\u00a0\u00bb id=\u00a0\u00bb\u00a0\u00bb][fusion_text] salonsmariage.com est un site de la SARL ID ORGANISATION RCS Avignon 502 870 298 Code APE : 8230 Z Si\u00e8ge social : 1017 route du Thor &#8211; 84800 L&rsquo;isle sur [&hellip;]<\/p>\n","protected":false},"author":1,"featured_media":0,"parent":0,"menu_order":0,"comment_status":"closed","ping_status":"closed","template":"","meta":{"_acf_changed":false,"footnotes":""},"class_list":["post-1162","page","type-page","status-publish","hentry"],"acf":[],"_links":{"self":[{"href":"https:\/\/www.salonsmariage.com\/index\/wp-json\/wp\/v2\/pages\/1162","targetHints":{"allow":["GET"]}}],"collection":[{"href":"https:\/\/www.salonsmariage.com\/index\/wp-json\/wp\/v2\/pages"}],"about":[{"href":"https:\/\/www.salonsmariage.com\/index\/wp-json\/wp\/v2\/types\/page"}],"author":[{"embeddable":true,"href":"https:\/\/www.salonsmariage.com\/index\/wp-json\/wp\/v2\/users\/1"}],"replies":[{"embeddable":true,"href":"https:\/\/www.salonsmariage.com\/index\/wp-json\/wp\/v2\/comments?post=1162"}],"version-history":[{"count":0,"href":"https:\/\/www.salonsmariage.com\/index\/wp-json\/wp\/v2\/pages\/1162\/revisions"}],"wp:attachment":[{"href":"https:\/\/www.salonsmariage.com\/index\/wp-json\/wp\/v2\/media?parent=1162"}],"curies":[{"name":"wp","href":"https:\/\/api.w.org\/{rel}","templated":true}]}}